{"id":107,"date":"2020-04-19T23:34:42","date_gmt":"2020-04-19T21:34:42","guid":{"rendered":"https:\/\/mjfashion.es\/?page_id=107"},"modified":"2020-08-03T20:01:44","modified_gmt":"2020-08-03T18:01:44","slug":"terms-and-conditions","status":"publish","type":"page","link":"https:\/\/mjfashion.es\/de\/terms-and-conditions\/","title":{"rendered":"Allgemeine Gesch\u00e4ftsbedingungen"},"content":{"rendered":"<p><a href=\"#scope\">1. Geltungsbereich<\/a><br \/>\n<a href=\"#partner\">2. Vertragspartner<\/a><br \/>\n<a href=\"#conclusion\">3. Vertragsschluss<\/a><br \/>\n<a href=\"#shipping\">4. Preise und Versandkosten<\/a><br \/>\n<a href=\"#payment\">5. Zahlung<\/a><br \/>\n<a href=\"#delivery\">6. Lieferung<\/a><br \/>\n<a href=\"#retention\">7. Eigentumsvorbehalt<\/a><br \/>\n<a href=\"#withdrawel\">8. Widerrufsrecht<\/a><br \/>\n<a href=\"#dispute\">9. Streitbeilegung<\/a><br \/>\n<a href=\"#sampleform\">10. Muster Widerrufsformular<\/a><\/p>\n<h4 id=\"scope\"> 1. Geltungsbereich <\/h4>\n<p>Diese Allgemeinen Gesch\u00e4ftsbedingungen (AGB) gelten f\u00fcr alle Bestellungen und Lieferungen vom Online-Shop der Boutique Maria Jos\u00e9 unter der Domain https:\/\/mjfashion.es an Verbraucher.<br \/>\nEin Verbraucher ist jede nat\u00fcrliche Person, die ein Rechtsgesch\u00e4ft zu einem Zweck abschlie\u00dft, der \u00fcberwiegend weder ihrer gewerblichen noch ihrer selbst\u00e4ndigen beruflichen T\u00e4tigkeit zugerechnet werden kann.<\/p>\n<h4 id=\"partner\"> 2. Vertragspartner <\/h4>\n<p>Der Kaufvertrag kommt zustande mit Diana Ivanova Tyurkmen, Carrer de Sant Andreu 28, 07650 Santany\u00ed, Islas Baleares, Spanien, NIF Y2844872Q.<\/p>\n<h4 id=\"conclusion\"> 3. Vertragsschluss <\/h4>\n<p>3.1 Die Darstellung der Produkte im Online-Shop stellt kein rechtlich bindendes Angebot, sondern nur eine Aufforderung zur Bestellung dar.<br \/>\n3.2 Durch Anklicken der Schaltfl\u00e4che &#8222;Bestellung abschicken&#8220; oder einer der PayPal-Schaltfl\u00e4chen &#8222;PayPal&#8220; und &#8222;SEPA&#8220; geben Sie eine verbindliche Bestellung der im Warenkorb oder auf der Seite &#8222;Kasse&#8220; aufgef\u00fchrten Produkte ab. Ihr Kaufvertrag kommt zustande, wenn wir Ihre Bestellung durch eine Empfangsbest\u00e4tigung per E-Mail unmittelbar nach dem Erhalt Ihrer Bestellung annehmen.<\/p>\n<h4 id=\"shipping\"> 4. Preise und Versandkosten <\/h4>\n<p>4.1 Die auf den Produktseiten genannten Preise enthalten die gesetzliche Mehrwertsteuer und sonstige Preisbestandteile.<br \/>\n4.2 Zus\u00e4tzlich zu den angegebenen Preisen berechnen wir Versandkosten. Die Versandkosten in die Mitgliedsl\u00e4nder der Europ\u00e4ischen Union und in das Vereinigte K\u00f6nigreich sind wie folgt: <\/p>\n<table>\n<tbody>\n<tr>\n<th><\/th>\n<th> Flatrate <\/th>\n<th> Kostenloser Versand <\/th>\n<th> Mindestbestellwert f\u00fcr kostenlosen Versand <\/th>\n<\/tr>\n<tr>\n<td> Spanien <\/td>\n<td> 3,99 \u20ac <\/td>\n<td> 0 \u20ac <\/td>\n<td> 30 \u20ac <\/td>\n<\/tr>\n<tr>\n<td> Andere EU-L\u00e4nder und Vereinigtes K\u00f6nigreich <\/td>\n<td> 6,99 \u20ac <\/td>\n<td> 0 \u20ac <\/td>\n<td> 70 \u20ac <\/td>\n<\/tr>\n<\/tbody>\n<\/table>\n<p class=\"mj-smartphone\">(Auf einem Smartphone: Bitte horizontal drehen, um die Tabelle korrekt anzuzeigen.)<\/p>\n<p>Die Versandkosten werden Ihnen nach Eingabe Ihrer Lieferadresse auf den Seiten &#8222;Warenkorb&#8220; und &#8222;Kasse&#8220; mitgeteilt.<\/p>\n<p>4.3 Sie k\u00f6nnen die Waren <b>ohne Versandkosten direkt in unserem Gesch\u00e4ft<\/b> in Santany\u00ed abholen. Bitte vereinbaren Sie hierzu telefonisch oder per WhatsApp unter +34 634 693311 einen Termin.<br \/>\n4.4 F\u00fcr <b>Nicht-EU-L\u00e4nder<\/b> au\u00dfer dem Vereinigten K\u00f6nigreich kontaktieren Sie uns bitte per Telefon +34 634 693311 oder per E-Mail an info@mjfashion.es, um ein Versandangebot anzufragen. Wenn Sie das Versandangebot annehmen, werden wir Sie informieren, wie Sie den Bestellvorgang abschlie\u00dfen k\u00f6nnen.<\/p>\n<h4 id=\"payment\"> 5. Zahlung <\/h4>\n<p>5.1 Die Zahlung kann per Bank\u00fcberweisung, per Kredit- oder Debitkarte oder per PayPal erfolgen. Sie k\u00f6nnen die Zahlungsoption auf der Seite &#8222;Kasse&#8220; ausw\u00e4hlen.<br \/>\n5.2 Wenn Sie mit Kredit- oder Debitkarte bezahlen, erhalten wir sofort die Zahlungsbest\u00e4tigung und k\u00f6nnen Ihre Bestellung bearbeiten.<br \/>\n5.3 Wenn Sie sich f\u00fcr PayPal entscheiden, k\u00f6nnen Sie mit den von PayPal angebotenen Zahlungsmethoden bezahlen, auch wenn Sie kein PayPal-Konto haben. Wir erhalten umgehend die Zahlungsbest\u00e4tigung und k\u00f6nnen Ihre Bestellung bearbeiten.<br \/>\n5.4 Wenn Sie Direkte Bank\u00fcberweisung w\u00e4hlen, m\u00fcssen Sie den Gesamtbetrag direkt auf unser Bankkonto \u00fcberweisen. Die Kontodaten werden auf der Seite &#8222;Bestellung erhalten&#8220; und in der E-Mail angezeigt, die den Eingang Ihrer Bestellung best\u00e4tigt. Bitte verwenden Sie Ihre Bestellnummer als Zahlungsreferenz. Ihre Bestellung wird versendet, sobald ihre Zahlung auf unserem Konto gutgeschrieben ist. Wir werden Ihnen gegebenenfalls nach einigen Tagen eine Erinnerung per E-Mail senden. Sollten wir die Zahlung nicht innerhalb von 5 Tagen ab Bestelldatum erhalten, gehen wir davon aus, dass Sie von Ihrer Bestellung zur\u00fccktreten m\u00f6chten. Dementsprechend werden wir diese stornieren und die Produkte wieder f\u00fcr alle Kunden anbieten.<\/p>\n<h4 id=\"delivery\"> 6. Lieferung <\/h4>\n<p>6.1 Wir versenden von unserer Boutique in Santany\u00ed auf Mallorca sp\u00e4testens am n\u00e4chsten Werktag nach Eingang Ihrer Bestellung und Ihrer Zahlung.<br \/>\n6.2 Die Lieferzeit h\u00e4ngt vom Zielland ab. Au\u00dferhalb Spaniens innerhalb der EU betr\u00e4gt die normale Lieferzeit 3 bis 8 Tage. Wir geben Ihnen die Sendungsnummer, damit Sie den Verlauf der Lieferung verfolgen k\u00f6nnen.<\/p>\n<h4 id=\"retention\"> 7. Eigentumsvorbehalt <\/h4>\n<p>Die Ware bleibt bis zur vollst\u00e4ndigen Bezahlung unser Eigentum.<\/p>\n<h4 id=\"withdrawel\"> 8. Widerrufsrecht <\/h4>\n<p>8.1 Wenn Sie Verbraucher sind (also eine nat\u00fcrliche Person, die die Bestellung zu einem Zweck abgibt, der weder Ihrer gewerblichen oder selbst\u00e4ndigen beruflichen T\u00e4tigkeit zugerechnet werden kann), steht Ihnen nach Ma\u00dfgabe der gesetzlichen Bestimmungen ein Widerrufsrecht zu.<br \/>\n8.2 Machen Sie als Verbraucher von Ihrem Widerrufsrecht nach Ziffer 8.1 Gebrauch, so haben Sie die regelm\u00e4\u00dfigen Kosten der R\u00fccksendung zu tragen. F\u00fcr die R\u00fccksendung k\u00f6nnen Sie entweder unsere unten angegebene <b>Adresse in Spanien<\/b> oder unsere unten angegebene <b>R\u00fccksendeadresse in Deutschland<\/b> verwenden.<br \/>\n8.3 Im \u00fcbrigen gelten f\u00fcr das Widerrufsrecht die Regelungen, die im Einzelnen in der folgenden <b>Widerrufsbelehrung<\/b> wiedergegeben sind: <\/p>\n<div style=\"margin-left: 1em; border-left: 3px solid rgba(0, 0, 0, 0.05); padding-left: 1em;\">\n<p><b>Widerrufsrecht<\/b><\/p>\n<p>Sie haben das Recht, binnen vierzehn Tagen ohne Angabe von Gr\u00fcnden diesen Vertrag zu widerrufen. Die Widerrufsfrist betr\u00e4gt vierzehn Tage ab dem Tag, an dem Sie oder ein von Ihnen benannter Dritter, der nicht der Bef\u00f6rderer ist, die Waren in Besitz genommen haben bzw. hat. <\/p>\n<p>Um Ihr Widerrufsrecht auszu\u00fcben, m\u00fcssen Sie uns, Diana Tyurkmen, Carrer de Sant Andreu 28, 07650 Santany\u00ed, Islas Baleares, Spanien, info@mjfashion.es, mittels einer eindeutigen Erkl\u00e4rung (z. B. ein mit der Post versandter Brief oder eine E-Mail) \u00fcber Ihren Entschluss, diesen Vertrag zu widerrufen, informieren. Die Erkl\u00e4rung sollte Ihren Namen, Ihre Adresse, Ihre E-Mail-Adresse, Ihre Bestellnummer oder das Bestelldatum sowie den Namen des Produktes oder der Produkte enthalten, die Sie zur\u00fcckgeben m\u00f6chten. Sie k\u00f6nnen daf\u00fcr das untenstehende Muster-Widerrufsformular verwenden, das jedoch nicht vorgeschrieben ist. Machen Sie von dieser M\u00f6glichkeit Gebrauch, so werden wir Ihnen unverz\u00fcglich (z. B. per E-Mail) eine Best\u00e4tigung \u00fcber den Eingang eines solchen Widerrufs \u00fcbermitteln.<\/p>\n<p>Zur Wahrung der Widerrufsfrist reicht es aus, dass Sie die Mitteilung \u00fcber die Aus\u00fcbung des Widerrufsrechts vor Ablauf der Widerrufsfrist absenden.<\/p>\n<p><b>Folgen des Widerrufs<\/b><\/p>\n<p>Wenn Sie diesen Vertrag widerrufen, haben wir Ihnen alle Zahlungen, die wir von Ihnen erhalten haben, einschlie\u00dflich der Versandkosten (mit Ausnahme der zus\u00e4tzlichen Kosten f\u00fcr den Versand in L\u00e4nder au\u00dferhalb der EU und au\u00dferhalb des Vereinigten K\u00f6nigreichs oder f\u00fcr eine andere, von Ihnen gew\u00e4hlte Art der Lieferung als der von uns angebotene Standard) zur\u00fcckzuzahlen, unmittelbar nachdem wir die Produkte zur\u00fcckerhalten haben. F\u00fcr diese R\u00fcckzahlung verwenden wir dasselbe Zahlungsmittel, das Sie bei der urspr\u00fcnglichen Transaktion eingesetzt haben, es sei denn, mit Ihnen wurde ausdr\u00fccklich etwas anderes vereinbart. In keinem Fall werden Ihnen wegen dieser R\u00fcckzahlung Entgelte berechnet.<\/p>\n<p>Sie haben die Produkte unverz\u00fcglich und in jedem Fall sp\u00e4testens binnen vierzehn Tagen ab dem Tag, an dem Sie uns \u00fcber den Widerruf dieses Vertrages unterrichten, an uns zur\u00fcckzusenden oder zu \u00fcbergeben. Die Frist ist gewahrt, wenn Sie die Produkte vor Ablauf der Frist von vierzehn Tagen absenden. Sie tragen die unmittelbaren Kosten der R\u00fccksendung der Produkte. Sie k\u00f6nnen die Produkte an unsere Boutique auf <b>Mallorca<\/b> zur\u00fcckgeben oder zur\u00fccksenden:<\/p>\n<p>Diana Tyurkmen, Carrer de Sant Andreu 28, 07650 Santany\u00ed, Islas Baleares, Spanien<\/p>\n<p>oder senden an unsere Adresse in <b>Deutschland<\/b>:<\/p>\n<p>Diana Tyurkmen, Hauptstra\u00dfe 64c, 30916 Isernhagen, Deutschland<\/p>\n<p>Sie k\u00f6nnen die Produkte in unserem Gesch\u00e4ft in Santany\u00ed ohne R\u00fccksendekosten zur\u00fcckgeben oder umtauschen. Bitte rufen Sie uns an oder kontaktieren Sie uns per WhatsApp unter +34 634 693311, um einen Termin zu vereinbaren.<\/p>\n<p>Wir pr\u00fcfen jedes Produkt gr\u00fcndlich bevor es versendet wird, und wir fordern Sie auf, die Produkte unbesch\u00e4digt und ungetragen zur\u00fcckzusenden. Sie m\u00fcssen f\u00fcr einen etwaigen Wertverlust der Produkte nur aufkommen, wenn dieser Wertverlust auf einen zur Pr\u00fcfung der Beschaffenheit, Eigenschaften und Funktionsweise der Produkte nicht notwendigen Umgang mit ihnen zur\u00fcckzuf\u00fchren ist. Sie k\u00f6nnen die Produkte anprobieren, aber die zur\u00fcckgegebenen Produkte d\u00fcrfen nicht getragen oder besch\u00e4digt sein.<\/p><\/div>\n<h4 id=\"dispute\"> 9. Streitbeilegung <\/h4>\n<p>Die EU-Kommission hat eine Internetplattform zur Online-Beilegung von Streitigkeiten geschaffen. Die Plattform dient als Anlaufstelle zur au\u00dfergerichtlichen Beilegung von Streitigkeiten betreffend vertragliche Verpflichtungen, die aus Online-Kaufvertr\u00e4gen erwachsen. N\u00e4here Informationen sind unter dem folgendem Link verf\u00fcgbar: <a href=\"https:\/\/ec.europa.eu\/consumers\/odr?lng=DE\" target=\"_blank\" rel=\"noopener noreferrer\">Online-Streitbeilegung<\/a>. Zur Teilnahme an einem Streitbeilegungsverfahren vor einer Verbraucherschlichtungsstelle sind wir weder bereit noch verpflichtet.<\/p>\n<h4 id=\"sampleform\"> 10. Muster Widerrufsformular <\/h4>\n<p>Sie k\u00f6nnen das folgende Widerrufsformular kopieren und ausdrucken oder kopieren und direkt in eine E-Mail einf\u00fcgen, wo es ausgef\u00fcllt werden kann: <\/p>\n<p>An<br \/>\nDiana Tyurkmen<br \/>\nCarrer de Sant Andreu 28<br \/>\n07650 Santany\u00ed<br \/>\nIslas Baleares, Spanien<\/p>\n<p>Telefon: +34 634 693311<br \/>\nE-Mail: info@mjfashion.es<\/p>\n<p>Hiermit widerrufe ich den von mir abgeschlossenen Vertrag \u00fcber den Kauf der folgenden Produkte<\/p>\n<p>________________________________________________________<\/p>\n<p>________________________________________________________<\/p>\n<p>Bestellung # ____ bestellt am ________ erhalten am ________<\/p>\n<p>Name des Verbrauchers<\/p>\n<p>________________________________________________________<\/p>\n<p>Adresse des Verbrauchers<\/p>\n<p>________________________________________________________<\/p>\n<p>E-Mail des Verbrauchers<\/p>\n<p>________________________________________________________<\/p>\n<p>Unterschrift des Verbrauchers (bei Mitteilung per Brief)<\/p>\n<p>_________________________<\/p>\n<p>Datum<\/p>\n","protected":false},"excerpt":{"rendered":"<p>1. Geltungsbereich 2. Vertragspartner 3. Vertragsschluss 4. Preise und Versandkosten 5. Zahlung 6. Lieferung 7. Eigentumsvorbehalt 8. Widerrufsrecht 9. Streitbeilegung 10. Muster Widerrufsformular 1. Geltungsbereich Diese Allgemeinen Gesch\u00e4ftsbedingungen (AGB) gelten f\u00fcr alle Bestellungen und Lieferungen vom Online-Shop der Boutique Maria Jos\u00e9 unter der Domain https:\/\/mjfashion.es an Verbraucher. Ein Verbraucher ist jede nat\u00fcrliche Person, die ein [&hellip;]<\/p>\n","protected":false},"author":1,"featured_media":0,"parent":0,"menu_order":0,"comment_status":"closed","ping_status":"closed","template":"","meta":[],"_links":{"self":[{"href":"https:\/\/mjfashion.es\/de\/wp-json\/wp\/v2\/pages\/107"}],"collection":[{"href":"https:\/\/mjfashion.es\/de\/wp-json\/wp\/v2\/pages"}],"about":[{"href":"https:\/\/mjfashion.es\/de\/wp-json\/wp\/v2\/types\/page"}],"author":[{"embeddable":true,"href":"https:\/\/mjfashion.es\/de\/wp-json\/wp\/v2\/users\/1"}],"replies":[{"embeddable":true,"href":"https:\/\/mjfashion.es\/de\/wp-json\/wp\/v2\/comments?post=107"}],"version-history":[{"count":4,"href":"https:\/\/mjfashion.es\/de\/wp-json\/wp\/v2\/pages\/107\/revisions"}],"predecessor-version":[{"id":2261,"href":"https:\/\/mjfashion.es\/de\/wp-json\/wp\/v2\/pages\/107\/revisions\/2261"}],"wp:attachment":[{"href":"https:\/\/mjfashion.es\/de\/wp-json\/wp\/v2\/media?parent=107"}],"curies":[{"name":"wp","href":"https:\/\/api.w.org\/{rel}","templated":true}]}}