{"id":2,"date":"2020-04-17T13:39:12","date_gmt":"2020-04-17T11:39:12","guid":{"rendered":"https:\/\/www.mjfashion.es\/?page_id=2"},"modified":"2026-03-29T15:25:10","modified_gmt":"2026-03-29T13:25:10","slug":"about-us","status":"publish","type":"page","link":"https:\/\/mjfashion.es\/de\/","title":{"rendered":"\u00dcber uns"},"content":{"rendered":"<h2 style=\"text-align: center;\">Willkommen bei Maria Jos\u00e9<\/h2>\n<p style=\"text-align: justify;\">Maria Jos\u00e9 ist eine Boutique im sch\u00f6nen Santany\u00ed auf Mallorca und bietet aktuelle Modeartikel f\u00fcr Frauen aller Altersgruppen zu fairen und attraktiven Preisen: Eine breite Auswahl an h\u00fcbschen und stilvollen Kleidern, Hosen, coolen Jeans, Jacken und T-Shirts, kombiniert mit modischen Schals, Handtaschen und Accessoires, gemischt mit einem angenehmen Interieur und einer freundlichen Atmosph\u00e4re. Sie finden modische Outfits f\u00fcr jeden Geschmack \u2013 von eleganten Kost\u00fcmen \u00fcber Sport-, Freizeit- und bunter Strandkleidung bis zu lockerer Teenage Street Style Mode. Um mehr zu sehen, bl\u00e4ttern Sie durch unsere Artikel mit Hilfe der Kategorien auf dieser Webseite, oder besuchen Sie uns in unserem Gesch\u00e4ft in Santany\u00ed. Sie sind sehr willkommen!<\/p>\n<h2 id=\"contact\" style=\"text-align: center;\">Kontaktieren Sie uns:<\/h2>\n<h3>per E-Mail or Telefon:<\/h3>\n<table>\n<tbody>\n<tr>\n<td>e-mail:<\/td>\n<td><a title=\"info@mjfashion.es\" href=\"mailto:info@mjfashion.es\" target=\"_blank\" rel=\"noopener noreferrer\"><strong> info@mjfashion.es<\/strong><\/a><\/td>\n<\/tr>\n<tr>\n<td>tel:<\/td>\n<td><a title=\"tel:\" href=\"tel:+34634693311\"><strong>+34 634693311<\/strong><\/a><\/td>\n<\/tr>\n<tr>\n<td>auf Facebook:<\/td>\n<td><a title=\"Maria Jos\u00e9 Santany\u00ed\" href=\"https:\/\/www.facebook.com\/mariajosesantanyi\/\" target=\"_blank\" rel=\"noopener noreferrer\"><strong>Maria Jos\u00e9 Santany\u00ed<\/strong><\/a><\/td>\n<\/tr>\n<tr>\n<td>auf Instagram:<\/td>\n<td><a title=\"Maria Jos\u00e9 Santany\u00ed\" href=\"https:\/\/www.instagram.com\/mariajosesantanyi?igsh=MTJiYzl3MTN4eHp1aA==\" target=\"_blank\" rel=\"noopener noreferrer\"><strong>Maria Jos\u00e9 Santany\u00ed<\/strong><\/a><\/td>\n<\/tr>\n<\/tbody>\n<\/table>\n<div class=\"mj-social fb-page\" data-href=\"https:\/\/www.facebook.com\/mariajosesantanyi\/\" data-tabs=\"\" data-width=\"552\" data-small-header=\"false\" data-adapt-container-width=\"true\" data-hide-cover=\"false\" data-show-facepile=\"true\">\n<blockquote cite=\"https:\/\/www.facebook.com\/mariajosesantanyi\/\" class=\"fb-xfbml-parse-ignore\"><p><a href=\"https:\/\/www.facebook.com\/mariajosesantanyi\/\">MARIA JOS\u00c9<\/a><\/p><\/blockquote>\n<\/div>\n<div style=\"margin-bottom:3em\"><\/div>\n<h2 style=\"text-align: center;\">Unsere Location<\/h2>\n<h3>Besuchen Sie unsere Boutique in Santany\u00ed, nur 40m von Pla\u00e7a Major:<\/h3>\n<div class=\"mj-social map-container\"><iframe class=\"mj-iframe\" frameborder=\"0\" scrolling=\"no\" marginheight=\"0\" marginwidth=\"0\" data-src=\"https:\/\/www.google.com\/maps\/embed\/v1\/place?key=AIzaSyBvrO1LXUxM8StH4uKTXyLee4lycUhE-Eo&amp;q=place_id:ChIJvz_BOoVUlhIR_r8n2m09IS0&amp;zoom=17&amp;language=de_DE&amp;attribution_source=Maria+Jos\u00e9&amp;attribution_web_url=https:\/\/mjfashion.es&amp;attribution_ios_deep_link_id=comgooglemaps:\/\/?q=place_id:ChIJvz_BOoVUlhIR_r8n2m09IS0\" ><\/iframe><\/div>\n<p class=\"mj-no\">Die Google Map kann hier aufgrund Ihrer Cookie-Akzeptanzeinstellung nicht angezeigt werden. Sie k\u00f6nnen Ihre Einstellung <a class=\"mj-accept\" href=\"#\">hier<\/a> anpassen.<\/p>\n","protected":false},"excerpt":{"rendered":"<p>Willkommen bei Maria Jos\u00e9 Maria Jos\u00e9 ist eine Boutique im sch\u00f6nen Santany\u00ed auf Mallorca und bietet aktuelle Modeartikel f\u00fcr Frauen aller Altersgruppen zu fairen und attraktiven Preisen: Eine breite Auswahl an h\u00fcbschen und stilvollen Kleidern, Hosen, coolen Jeans, Jacken und T-Shirts, kombiniert mit modischen Schals, Handtaschen und Accessoires, gemischt mit einem angenehmen Interieur und einer [&hellip;]<\/p>\n","protected":false},"author":1,"featured_media":0,"parent":0,"menu_order":0,"comment_status":"closed","ping_status":"closed","template":"","meta":[],"_links":{"self":[{"href":"https:\/\/mjfashion.es\/de\/wp-json\/wp\/v2\/pages\/2"}],"collection":[{"href":"https:\/\/mjfashion.es\/de\/wp-json\/wp\/v2\/pages"}],"about":[{"href":"https:\/\/mjfashion.es\/de\/wp-json\/wp\/v2\/types\/page"}],"author":[{"embeddable":true,"href":"https:\/\/mjfashion.es\/de\/wp-json\/wp\/v2\/users\/1"}],"replies":[{"embeddable":true,"href":"https:\/\/mjfashion.es\/de\/wp-json\/wp\/v2\/comments?post=2"}],"version-history":[{"count":3,"href":"https:\/\/mjfashion.es\/de\/wp-json\/wp\/v2\/pages\/2\/revisions"}],"predecessor-version":[{"id":2388,"href":"https:\/\/mjfashion.es\/de\/wp-json\/wp\/v2\/pages\/2\/revisions\/2388"}],"wp:attachment":[{"href":"https:\/\/mjfashion.es\/de\/wp-json\/wp\/v2\/media?parent=2"}],"curies":[{"name":"wp","href":"https:\/\/api.w.org\/{rel}","templated":true}]}}