{"id":1006,"date":"2020-05-17T15:47:22","date_gmt":"2020-05-17T13:47:22","guid":{"rendered":"https:\/\/mjfashion.es\/?post_type=product&#038;p=1006"},"modified":"2020-06-28T15:24:17","modified_gmt":"2020-06-28T13:24:17","slug":"blouse-with-back-tie-opening","status":"publish","type":"product","link":"https:\/\/mjfashion.es\/de\/produkt\/blouse-with-back-tie-opening\/","title":{"rendered":"Bluse mit R\u00fcckenbindung"},"content":{"rendered":"<p>Farbe schwarz<br \/>\nGr\u00f6\u00dfe M<\/p>\n","protected":false},"excerpt":{"rendered":"<p>Baumwollbluse mit r\u00fcckseitig geschn\u00fcrter Schlitz\u00f6ffnung. Puff\u00e4rmel unter den Ellbogen fallend. R\u00fcschenbes\u00e4tze.<\/p>\n","protected":false},"featured_media":1007,"comment_status":"open","ping_status":"closed","template":"","meta":[],"_links":{"self":[{"href":"https:\/\/mjfashion.es\/de\/wp-json\/wp\/v2\/product\/1006"}],"collection":[{"href":"https:\/\/mjfashion.es\/de\/wp-json\/wp\/v2\/product"}],"about":[{"href":"https:\/\/mjfashion.es\/de\/wp-json\/wp\/v2\/types\/product"}],"replies":[{"embeddable":true,"href":"https:\/\/mjfashion.es\/de\/wp-json\/wp\/v2\/comments?post=1006"}],"wp:featuredmedia":[{"embeddable":true,"href":"https:\/\/mjfashion.es\/de\/wp-json\/wp\/v2\/media\/1007"}],"wp:attachment":[{"href":"https:\/\/mjfashion.es\/de\/wp-json\/wp\/v2\/media?parent=1006"}],"curies":[{"name":"wp","href":"https:\/\/api.w.org\/{rel}","templated":true}]}}