{"id":1010,"date":"2020-05-17T16:26:58","date_gmt":"2020-05-17T14:26:58","guid":{"rendered":"https:\/\/mjfashion.es\/?post_type=product&#038;p=1010"},"modified":"2020-10-02T21:50:47","modified_gmt":"2020-10-02T19:50:47","slug":"short-dress-with-balloon-sleeves","status":"publish","type":"product","link":"https:\/\/mjfashion.es\/de\/produkt\/short-dress-with-balloon-sleeves\/","title":{"rendered":"Kurzes Kleid mit Ballon\u00e4rmeln"},"content":{"rendered":"<p>Farben: Erh\u00e4ltlich in Bl\u00fctenrosa und Schwarz<br \/>\nGr\u00f6\u00dfe: S \/ M \/ L<\/p>\n","protected":false},"excerpt":{"rendered":"<p>Kleid mit rundem Ausschnitt und Knopfverschluss. Ballon\u00e4rmel fallen mit gekr\u00e4uselten Enden unter die Ellbogen. Innenfutter. Die auf den Fotos gezeigten G\u00fcrtel sind nicht im Lieferumfang enthalten. Bitte \u00fcberpr\u00fcfen Sie die Kategorie Zubeh\u00f6r.<\/p>\n","protected":false},"featured_media":1017,"comment_status":"open","ping_status":"closed","template":"","meta":[],"_links":{"self":[{"href":"https:\/\/mjfashion.es\/de\/wp-json\/wp\/v2\/product\/1010"}],"collection":[{"href":"https:\/\/mjfashion.es\/de\/wp-json\/wp\/v2\/product"}],"about":[{"href":"https:\/\/mjfashion.es\/de\/wp-json\/wp\/v2\/types\/product"}],"replies":[{"embeddable":true,"href":"https:\/\/mjfashion.es\/de\/wp-json\/wp\/v2\/comments?post=1010"}],"wp:featuredmedia":[{"embeddable":true,"href":"https:\/\/mjfashion.es\/de\/wp-json\/wp\/v2\/media\/1017"}],"wp:attachment":[{"href":"https:\/\/mjfashion.es\/de\/wp-json\/wp\/v2\/media?parent=1010"}],"curies":[{"name":"wp","href":"https:\/\/api.w.org\/{rel}","templated":true}]}}