{"id":1023,"date":"2020-05-17T18:41:36","date_gmt":"2020-05-17T16:41:36","guid":{"rendered":"https:\/\/mjfashion.es\/?post_type=product&#038;p=1023"},"modified":"2020-07-15T15:06:28","modified_gmt":"2020-07-15T13:06:28","slug":"printed-mini-skirt","status":"publish","type":"product","link":"https:\/\/mjfashion.es\/de\/produkt\/printed-mini-skirt\/","title":{"rendered":"Bedruckter Minirock"},"content":{"rendered":"<p>Farben: Erh\u00e4ltlich in Creme, Faded Denim Blue, Rot und Schwarz<br \/>\nGr\u00f6\u00dfe: Einheitsgr\u00f6\u00dfe<\/p>\n","protected":false},"excerpt":{"rendered":"<p>Minirock mit: Taille mit breitem, geschmoktem Stretchstoff, gekr\u00e4uselten Verzierungen und Innenfutter.<\/p>\n","protected":false},"featured_media":1035,"comment_status":"open","ping_status":"closed","template":"","meta":[],"_links":{"self":[{"href":"https:\/\/mjfashion.es\/de\/wp-json\/wp\/v2\/product\/1023"}],"collection":[{"href":"https:\/\/mjfashion.es\/de\/wp-json\/wp\/v2\/product"}],"about":[{"href":"https:\/\/mjfashion.es\/de\/wp-json\/wp\/v2\/types\/product"}],"replies":[{"embeddable":true,"href":"https:\/\/mjfashion.es\/de\/wp-json\/wp\/v2\/comments?post=1023"}],"wp:featuredmedia":[{"embeddable":true,"href":"https:\/\/mjfashion.es\/de\/wp-json\/wp\/v2\/media\/1035"}],"wp:attachment":[{"href":"https:\/\/mjfashion.es\/de\/wp-json\/wp\/v2\/media?parent=1023"}],"curies":[{"name":"wp","href":"https:\/\/api.w.org\/{rel}","templated":true}]}}