{"id":1060,"date":"2020-05-22T17:44:46","date_gmt":"2020-05-22T15:44:46","guid":{"rendered":"https:\/\/mjfashion.es\/?post_type=product&#038;p=1060"},"modified":"2020-07-22T17:20:29","modified_gmt":"2020-07-22T15:20:29","slug":"mini-bag-with-chain","status":"publish","type":"product","link":"https:\/\/mjfashion.es\/de\/produkt\/mini-bag-with-chain\/","title":{"rendered":"Minitasche mit Kette"},"content":{"rendered":"<p>Farben: Erh\u00e4ltlich in Rot, Hellrosa, Wei\u00df, Orange, Braun, Hellgr\u00fcn, Gold und Dunkelblau<br \/>\nGr\u00f6\u00dfe: 10 cm x 17 cm<\/p>\n","protected":false},"excerpt":{"rendered":"<p>Kunstledertasche mit abnehmbarem Kettenschultergurt. Schlie\u00dfen der Drucktaste. Erh\u00e4ltlich in acht verschiedenen modernen Farben. Die Gr\u00f6\u00dfe ist perfekt f\u00fcr ein Handy und kleine pers\u00f6nliche Dinge.<\/p>\n","protected":false},"featured_media":1064,"comment_status":"open","ping_status":"closed","template":"","meta":[],"_links":{"self":[{"href":"https:\/\/mjfashion.es\/de\/wp-json\/wp\/v2\/product\/1060"}],"collection":[{"href":"https:\/\/mjfashion.es\/de\/wp-json\/wp\/v2\/product"}],"about":[{"href":"https:\/\/mjfashion.es\/de\/wp-json\/wp\/v2\/types\/product"}],"replies":[{"embeddable":true,"href":"https:\/\/mjfashion.es\/de\/wp-json\/wp\/v2\/comments?post=1060"}],"wp:featuredmedia":[{"embeddable":true,"href":"https:\/\/mjfashion.es\/de\/wp-json\/wp\/v2\/media\/1064"}],"wp:attachment":[{"href":"https:\/\/mjfashion.es\/de\/wp-json\/wp\/v2\/media?parent=1060"}],"curies":[{"name":"wp","href":"https:\/\/api.w.org\/{rel}","templated":true}]}}