{"id":1129,"date":"2020-05-24T00:40:34","date_gmt":"2020-05-23T22:40:34","guid":{"rendered":"https:\/\/mjfashion.es\/?post_type=product&#038;p=1129"},"modified":"2020-08-01T16:55:33","modified_gmt":"2020-08-01T14:55:33","slug":"contrast-ribbed-top","status":"publish","type":"product","link":"https:\/\/mjfashion.es\/de\/produkt\/contrast-ribbed-top\/","title":{"rendered":"Kontrast geripptes Oberteil"},"content":{"rendered":"<p>Farben: Erh\u00e4ltlich in Gr\u00fcn und Pink<br \/>\nGr\u00f6\u00dfe: Einheitsgr\u00f6\u00dfe<\/p>\n","protected":false},"excerpt":{"rendered":"<p>Rundhals-Baumwolltop mit einem gekr\u00e4uselten Organza-Kontraststoff an Hals, Schultern und Taille. Organza Puff\u00e4rmel mit breiten elastischen Manschetten. Knopf\u00f6ffnung hinten.<\/p>\n","protected":false},"featured_media":1132,"comment_status":"open","ping_status":"closed","template":"","meta":[],"_links":{"self":[{"href":"https:\/\/mjfashion.es\/de\/wp-json\/wp\/v2\/product\/1129"}],"collection":[{"href":"https:\/\/mjfashion.es\/de\/wp-json\/wp\/v2\/product"}],"about":[{"href":"https:\/\/mjfashion.es\/de\/wp-json\/wp\/v2\/types\/product"}],"replies":[{"embeddable":true,"href":"https:\/\/mjfashion.es\/de\/wp-json\/wp\/v2\/comments?post=1129"}],"wp:featuredmedia":[{"embeddable":true,"href":"https:\/\/mjfashion.es\/de\/wp-json\/wp\/v2\/media\/1132"}],"wp:attachment":[{"href":"https:\/\/mjfashion.es\/de\/wp-json\/wp\/v2\/media?parent=1129"}],"curies":[{"name":"wp","href":"https:\/\/api.w.org\/{rel}","templated":true}]}}