{"id":1156,"date":"2020-05-24T15:50:43","date_gmt":"2020-05-24T13:50:43","guid":{"rendered":"https:\/\/mjfashion.es\/?post_type=product&#038;p=1156"},"modified":"2020-05-24T15:50:43","modified_gmt":"2020-05-24T13:50:43","slug":"romantic-style-lace-blouse","status":"publish","type":"product","link":"https:\/\/mjfashion.es\/de\/produkt\/romantic-style-lace-blouse\/","title":{"rendered":"Spitzenbluse im romantischen Stil"},"content":{"rendered":"<p>Farben: Erh\u00e4ltlich in Wei\u00df und Schwarz<br \/>\nGr\u00f6\u00dfe: Einheitsgr\u00f6\u00dfe<\/p>\n","protected":false},"excerpt":{"rendered":"<p>Spitzenbluse mit Crossover-V-Ausschnitt, langen \u00c4rmeln, elastischer Taille und Innenfutter.<\/p>\n","protected":false},"featured_media":1146,"comment_status":"open","ping_status":"closed","template":"","meta":[],"_links":{"self":[{"href":"https:\/\/mjfashion.es\/de\/wp-json\/wp\/v2\/product\/1156"}],"collection":[{"href":"https:\/\/mjfashion.es\/de\/wp-json\/wp\/v2\/product"}],"about":[{"href":"https:\/\/mjfashion.es\/de\/wp-json\/wp\/v2\/types\/product"}],"replies":[{"embeddable":true,"href":"https:\/\/mjfashion.es\/de\/wp-json\/wp\/v2\/comments?post=1156"}],"wp:featuredmedia":[{"embeddable":true,"href":"https:\/\/mjfashion.es\/de\/wp-json\/wp\/v2\/media\/1146"}],"wp:attachment":[{"href":"https:\/\/mjfashion.es\/de\/wp-json\/wp\/v2\/media?parent=1156"}],"curies":[{"name":"wp","href":"https:\/\/api.w.org\/{rel}","templated":true}]}}