{"id":1159,"date":"2020-05-24T15:51:38","date_gmt":"2020-05-24T13:51:38","guid":{"rendered":"https:\/\/mjfashion.es\/?post_type=product&#038;p=1159"},"modified":"2020-08-22T15:58:05","modified_gmt":"2020-08-22T13:58:05","slug":"contrast-top-2","status":"publish","type":"product","link":"https:\/\/mjfashion.es\/de\/produkt\/contrast-top-2\/","title":{"rendered":"Kontrastoberteil"},"content":{"rendered":"<p>Farben: Erh\u00e4ltlich in Pink und Wei\u00df<br \/>\nGr\u00f6\u00dfe: Einheitsgr\u00f6\u00dfe<\/p>\n","protected":false},"excerpt":{"rendered":"<p>Geripptes Baumwolltop mit Rundhalsausschnitt, langen \u00c4rmeln und geraffter Taille aus Kontraststoff.<\/p>\n","protected":false},"featured_media":1153,"comment_status":"open","ping_status":"closed","template":"","meta":[],"_links":{"self":[{"href":"https:\/\/mjfashion.es\/de\/wp-json\/wp\/v2\/product\/1159"}],"collection":[{"href":"https:\/\/mjfashion.es\/de\/wp-json\/wp\/v2\/product"}],"about":[{"href":"https:\/\/mjfashion.es\/de\/wp-json\/wp\/v2\/types\/product"}],"replies":[{"embeddable":true,"href":"https:\/\/mjfashion.es\/de\/wp-json\/wp\/v2\/comments?post=1159"}],"wp:featuredmedia":[{"embeddable":true,"href":"https:\/\/mjfashion.es\/de\/wp-json\/wp\/v2\/media\/1153"}],"wp:attachment":[{"href":"https:\/\/mjfashion.es\/de\/wp-json\/wp\/v2\/media?parent=1159"}],"curies":[{"name":"wp","href":"https:\/\/api.w.org\/{rel}","templated":true}]}}