{"id":1175,"date":"2020-05-27T14:34:34","date_gmt":"2020-05-27T12:34:34","guid":{"rendered":"https:\/\/mjfashion.es\/?post_type=product&#038;p=1175"},"modified":"2020-05-27T14:34:34","modified_gmt":"2020-05-27T12:34:34","slug":"frayed-sides-bag","status":"publish","type":"product","link":"https:\/\/mjfashion.es\/de\/produkt\/frayed-sides-bag\/","title":{"rendered":"Ausgefranste Seitentasche"},"content":{"rendered":"<p>Farbe: Naturbeige<br \/>\nGr\u00f6\u00dfe: 33 cm x 30 cm x 13 cm<\/p>\n","protected":false},"excerpt":{"rendered":"<p>Tasche mit ausgefransten Seiten. Nat\u00fcrliches Aussehen. Rei\u00dfverschluss schlie\u00dfen. Innenfutter aus Baumwolle. Innentasche mit Rei\u00dfverschluss.<\/p>\n","protected":false},"featured_media":1176,"comment_status":"open","ping_status":"closed","template":"","meta":[],"_links":{"self":[{"href":"https:\/\/mjfashion.es\/de\/wp-json\/wp\/v2\/product\/1175"}],"collection":[{"href":"https:\/\/mjfashion.es\/de\/wp-json\/wp\/v2\/product"}],"about":[{"href":"https:\/\/mjfashion.es\/de\/wp-json\/wp\/v2\/types\/product"}],"replies":[{"embeddable":true,"href":"https:\/\/mjfashion.es\/de\/wp-json\/wp\/v2\/comments?post=1175"}],"wp:featuredmedia":[{"embeddable":true,"href":"https:\/\/mjfashion.es\/de\/wp-json\/wp\/v2\/media\/1176"}],"wp:attachment":[{"href":"https:\/\/mjfashion.es\/de\/wp-json\/wp\/v2\/media?parent=1175"}],"curies":[{"name":"wp","href":"https:\/\/api.w.org\/{rel}","templated":true}]}}