{"id":1180,"date":"2020-05-27T19:33:19","date_gmt":"2020-05-27T17:33:19","guid":{"rendered":"https:\/\/mjfashion.es\/?post_type=product&#038;p=1180"},"modified":"2020-07-29T23:27:48","modified_gmt":"2020-07-29T21:27:48","slug":"floral-print-loose-fit-dress","status":"publish","type":"product","link":"https:\/\/mjfashion.es\/de\/produkt\/floral-print-loose-fit-dress\/","title":{"rendered":"Locker geschnittenes Kleid mit Blumendruck"},"content":{"rendered":"<p>Farbe: Wei\u00df<br \/>\nGr\u00f6\u00dfe: Einheitsgr\u00f6\u00dfe<\/p>\n","protected":false},"excerpt":{"rendered":"<p>Kurzes Kleid mit V-Ausschnitt und weiten Midi-\u00c4rmeln. Knopfverschluss. R\u00fcschensaum. Ein super cooles und leichtes Modell, das mit dieser Saison triumphiert.<\/p>\n","protected":false},"featured_media":1181,"comment_status":"closed","ping_status":"closed","template":"","meta":[],"_links":{"self":[{"href":"https:\/\/mjfashion.es\/de\/wp-json\/wp\/v2\/product\/1180"}],"collection":[{"href":"https:\/\/mjfashion.es\/de\/wp-json\/wp\/v2\/product"}],"about":[{"href":"https:\/\/mjfashion.es\/de\/wp-json\/wp\/v2\/types\/product"}],"replies":[{"embeddable":true,"href":"https:\/\/mjfashion.es\/de\/wp-json\/wp\/v2\/comments?post=1180"}],"wp:featuredmedia":[{"embeddable":true,"href":"https:\/\/mjfashion.es\/de\/wp-json\/wp\/v2\/media\/1181"}],"wp:attachment":[{"href":"https:\/\/mjfashion.es\/de\/wp-json\/wp\/v2\/media?parent=1180"}],"curies":[{"name":"wp","href":"https:\/\/api.w.org\/{rel}","templated":true}]}}