{"id":1240,"date":"2020-05-29T20:09:24","date_gmt":"2020-05-29T18:09:24","guid":{"rendered":"https:\/\/mjfashion.es\/?post_type=product&#038;p=1240"},"modified":"2020-07-15T15:06:27","modified_gmt":"2020-07-15T13:06:27","slug":"tropical-print-long-dress","status":"publish","type":"product","link":"https:\/\/mjfashion.es\/de\/produkt\/tropical-print-long-dress\/","title":{"rendered":"Tropisch-bedrucktes Langes Kleid"},"content":{"rendered":"<p>Farbe: Wei\u00df<br \/>\nGr\u00f6\u00dfe: Einheitsgr\u00f6\u00dfe<br \/>\nVorderl\u00e4nge: 140cm<br \/>\nR\u00fcckenl\u00e4nge: 145cm<\/p>\n","protected":false},"excerpt":{"rendered":"<p>Langes Kleid mit tropischem Druck und unregelm\u00e4\u00dfigem Schnitt. D\u00fcnne Tr\u00e4ger.<\/p>\n","protected":false},"featured_media":1238,"comment_status":"closed","ping_status":"closed","template":"","meta":[],"_links":{"self":[{"href":"https:\/\/mjfashion.es\/de\/wp-json\/wp\/v2\/product\/1240"}],"collection":[{"href":"https:\/\/mjfashion.es\/de\/wp-json\/wp\/v2\/product"}],"about":[{"href":"https:\/\/mjfashion.es\/de\/wp-json\/wp\/v2\/types\/product"}],"replies":[{"embeddable":true,"href":"https:\/\/mjfashion.es\/de\/wp-json\/wp\/v2\/comments?post=1240"}],"wp:featuredmedia":[{"embeddable":true,"href":"https:\/\/mjfashion.es\/de\/wp-json\/wp\/v2\/media\/1238"}],"wp:attachment":[{"href":"https:\/\/mjfashion.es\/de\/wp-json\/wp\/v2\/media?parent=1240"}],"curies":[{"name":"wp","href":"https:\/\/api.w.org\/{rel}","templated":true}]}}