{"id":1285,"date":"2020-06-05T14:30:33","date_gmt":"2020-06-05T12:30:33","guid":{"rendered":"https:\/\/mjfashion.es\/?post_type=product&#038;p=1285"},"modified":"2020-06-05T14:30:33","modified_gmt":"2020-06-05T12:30:33","slug":"organza-scarf","status":"publish","type":"product","link":"https:\/\/mjfashion.es\/de\/produkt\/organza-scarf\/","title":{"rendered":"Organza-Schal"},"content":{"rendered":"<p>Farben: Erh\u00e4ltlich in Korallenrosa, Bl\u00fctenrosa, Wei\u00df, T\u00fcrkis, Gelb, Gr\u00fcn, Beige und Flieder<\/p>\n","protected":false},"excerpt":{"rendered":"<p>Dieser elegante und feenhafte Schal ist das perfekte Accessoire f\u00fcr die Sommerabende.<\/p>\n","protected":false},"featured_media":1259,"comment_status":"closed","ping_status":"closed","template":"","meta":[],"_links":{"self":[{"href":"https:\/\/mjfashion.es\/de\/wp-json\/wp\/v2\/product\/1285"}],"collection":[{"href":"https:\/\/mjfashion.es\/de\/wp-json\/wp\/v2\/product"}],"about":[{"href":"https:\/\/mjfashion.es\/de\/wp-json\/wp\/v2\/types\/product"}],"replies":[{"embeddable":true,"href":"https:\/\/mjfashion.es\/de\/wp-json\/wp\/v2\/comments?post=1285"}],"wp:featuredmedia":[{"embeddable":true,"href":"https:\/\/mjfashion.es\/de\/wp-json\/wp\/v2\/media\/1259"}],"wp:attachment":[{"href":"https:\/\/mjfashion.es\/de\/wp-json\/wp\/v2\/media?parent=1285"}],"curies":[{"name":"wp","href":"https:\/\/api.w.org\/{rel}","templated":true}]}}