{"id":1297,"date":"2020-06-05T21:24:30","date_gmt":"2020-06-05T19:24:30","guid":{"rendered":"https:\/\/mjfashion.es\/?post_type=product&#038;p=1297"},"modified":"2020-07-29T23:27:50","modified_gmt":"2020-07-29T21:27:50","slug":"a-line-cotton-dress","status":"publish","type":"product","link":"https:\/\/mjfashion.es\/de\/produkt\/a-line-cotton-dress\/","title":{"rendered":"A-Linie Baumwollkleid"},"content":{"rendered":"<p>Farben: Erh\u00e4ltlich in Gr\u00fcn und Pink<br \/>\nGr\u00f6\u00dfe: Einheitsgr\u00f6\u00dfe<\/p>\n","protected":false},"excerpt":{"rendered":"<p>\u00c4rmelloses, locker sitzendes, kurzes Kleid mit rundem Ausschnitt, Schlitz und Seitentaschen.<\/p>\n","protected":false},"featured_media":1303,"comment_status":"closed","ping_status":"closed","template":"","meta":[],"_links":{"self":[{"href":"https:\/\/mjfashion.es\/de\/wp-json\/wp\/v2\/product\/1297"}],"collection":[{"href":"https:\/\/mjfashion.es\/de\/wp-json\/wp\/v2\/product"}],"about":[{"href":"https:\/\/mjfashion.es\/de\/wp-json\/wp\/v2\/types\/product"}],"replies":[{"embeddable":true,"href":"https:\/\/mjfashion.es\/de\/wp-json\/wp\/v2\/comments?post=1297"}],"wp:featuredmedia":[{"embeddable":true,"href":"https:\/\/mjfashion.es\/de\/wp-json\/wp\/v2\/media\/1303"}],"wp:attachment":[{"href":"https:\/\/mjfashion.es\/de\/wp-json\/wp\/v2\/media?parent=1297"}],"curies":[{"name":"wp","href":"https:\/\/api.w.org\/{rel}","templated":true}]}}