{"id":1322,"date":"2020-06-07T11:54:34","date_gmt":"2020-06-07T09:54:34","guid":{"rendered":"https:\/\/mjfashion.es\/?post_type=product&#038;p=1322"},"modified":"2020-10-22T11:38:08","modified_gmt":"2020-10-22T09:38:08","slug":"voluminous-pleated-dress","status":"publish","type":"product","link":"https:\/\/mjfashion.es\/de\/produkt\/voluminous-pleated-dress\/","title":{"rendered":"Volumin\u00f6ses Faltenkleid"},"content":{"rendered":"<p>Farben: Erh\u00e4ltlich in Rot, Gr\u00fcn, Blau und Beige<br \/>\nGr\u00f6\u00dfe: Einheitsgr\u00f6\u00dfe<\/p>\n","protected":false},"excerpt":{"rendered":"<p>Kleid mit V-Ausschnitt, kurzen, elastischen Puff\u00e4rmeln, Falten und gekr\u00e4uselten Verzierungen. Die L\u00e4nge geht knapp unter die Knie.<\/p>\n","protected":false},"featured_media":1323,"comment_status":"closed","ping_status":"closed","template":"","meta":[],"_links":{"self":[{"href":"https:\/\/mjfashion.es\/de\/wp-json\/wp\/v2\/product\/1322"}],"collection":[{"href":"https:\/\/mjfashion.es\/de\/wp-json\/wp\/v2\/product"}],"about":[{"href":"https:\/\/mjfashion.es\/de\/wp-json\/wp\/v2\/types\/product"}],"replies":[{"embeddable":true,"href":"https:\/\/mjfashion.es\/de\/wp-json\/wp\/v2\/comments?post=1322"}],"wp:featuredmedia":[{"embeddable":true,"href":"https:\/\/mjfashion.es\/de\/wp-json\/wp\/v2\/media\/1323"}],"wp:attachment":[{"href":"https:\/\/mjfashion.es\/de\/wp-json\/wp\/v2\/media?parent=1322"}],"curies":[{"name":"wp","href":"https:\/\/api.w.org\/{rel}","templated":true}]}}