{"id":1339,"date":"2020-06-07T12:57:07","date_gmt":"2020-06-07T10:57:07","guid":{"rendered":"https:\/\/mjfashion.es\/?post_type=product&#038;p=1339"},"modified":"2020-09-12T09:40:59","modified_gmt":"2020-09-12T07:40:59","slug":"voluminous-pleated-dress-2","status":"publish","type":"product","link":"https:\/\/mjfashion.es\/de\/produkt\/voluminous-pleated-dress-2\/","title":{"rendered":"Volumin\u00f6ses Faltenkleid"},"content":{"rendered":"<p>Farben: Erh\u00e4ltlich in Schwarz und Wei\u00df<br \/>\nGr\u00f6\u00dfe: Einheitsgr\u00f6\u00dfe<\/p>\n","protected":false},"excerpt":{"rendered":"<p>Kleid mit V-Ausschnitt, kurzen, elastischen Puff\u00e4rmeln, Falten und gekr\u00e4uselten Verzierungen. Die L\u00e4nge geht knapp unter die Knie.<\/p>\n","protected":false},"featured_media":1332,"comment_status":"closed","ping_status":"closed","template":"","meta":[],"_links":{"self":[{"href":"https:\/\/mjfashion.es\/de\/wp-json\/wp\/v2\/product\/1339"}],"collection":[{"href":"https:\/\/mjfashion.es\/de\/wp-json\/wp\/v2\/product"}],"about":[{"href":"https:\/\/mjfashion.es\/de\/wp-json\/wp\/v2\/types\/product"}],"replies":[{"embeddable":true,"href":"https:\/\/mjfashion.es\/de\/wp-json\/wp\/v2\/comments?post=1339"}],"wp:featuredmedia":[{"embeddable":true,"href":"https:\/\/mjfashion.es\/de\/wp-json\/wp\/v2\/media\/1332"}],"wp:attachment":[{"href":"https:\/\/mjfashion.es\/de\/wp-json\/wp\/v2\/media?parent=1339"}],"curies":[{"name":"wp","href":"https:\/\/api.w.org\/{rel}","templated":true}]}}