{"id":1369,"date":"2020-06-07T17:10:13","date_gmt":"2020-06-07T15:10:13","guid":{"rendered":"https:\/\/mjfashion.es\/?post_type=product&#038;p=1369"},"modified":"2020-10-22T11:38:08","modified_gmt":"2020-10-22T09:38:08","slug":"set-of-three-bracelets","status":"publish","type":"product","link":"https:\/\/mjfashion.es\/de\/produkt\/set-of-three-bracelets\/","title":{"rendered":"Satz von drei Armb\u00e4ndern"},"content":{"rendered":"<p>Farben: Erh\u00e4ltlich in Wei\u00df und T\u00fcrkis<\/p>\n","protected":false},"excerpt":{"rendered":"<p>Packung mit drei Armb\u00e4ndern aus verschiedenen Materialien: Metallkette, Fibra und Kristall. Jedes von ihnen hat seine eigene Art von Verschluss (Kette: Karabinerverschluss, Fibra: Verschiebeknoten, Kristall: elastisch). Anh\u00e4nger an der Metallkette.<\/p>\n","protected":false},"featured_media":1370,"comment_status":"closed","ping_status":"closed","template":"","meta":[],"_links":{"self":[{"href":"https:\/\/mjfashion.es\/de\/wp-json\/wp\/v2\/product\/1369"}],"collection":[{"href":"https:\/\/mjfashion.es\/de\/wp-json\/wp\/v2\/product"}],"about":[{"href":"https:\/\/mjfashion.es\/de\/wp-json\/wp\/v2\/types\/product"}],"replies":[{"embeddable":true,"href":"https:\/\/mjfashion.es\/de\/wp-json\/wp\/v2\/comments?post=1369"}],"wp:featuredmedia":[{"embeddable":true,"href":"https:\/\/mjfashion.es\/de\/wp-json\/wp\/v2\/media\/1370"}],"wp:attachment":[{"href":"https:\/\/mjfashion.es\/de\/wp-json\/wp\/v2\/media?parent=1369"}],"curies":[{"name":"wp","href":"https:\/\/api.w.org\/{rel}","templated":true}]}}