{"id":1386,"date":"2020-06-08T14:32:11","date_gmt":"2020-06-08T12:32:11","guid":{"rendered":"https:\/\/mjfashion.es\/?post_type=product&#038;p=1386"},"modified":"2020-07-11T15:32:21","modified_gmt":"2020-07-11T13:32:21","slug":"mega-bead-bracelet","status":"publish","type":"product","link":"https:\/\/mjfashion.es\/de\/produkt\/mega-bead-bracelet\/","title":{"rendered":"Mega Perlen Armband"},"content":{"rendered":"<p>Farbe: Gelb<\/p>\n","protected":false},"excerpt":{"rendered":"<p>Elastisches Armband mit farbigen gro\u00dfen Perlen. Trotz seiner Gr\u00f6\u00dfe ist es ein leichtes Armband und ein perfektes Accessoire, um auf Ihren Stil aufmerksam zu machen.<\/p>\n","protected":false},"featured_media":1387,"comment_status":"closed","ping_status":"closed","template":"","meta":[],"_links":{"self":[{"href":"https:\/\/mjfashion.es\/de\/wp-json\/wp\/v2\/product\/1386"}],"collection":[{"href":"https:\/\/mjfashion.es\/de\/wp-json\/wp\/v2\/product"}],"about":[{"href":"https:\/\/mjfashion.es\/de\/wp-json\/wp\/v2\/types\/product"}],"replies":[{"embeddable":true,"href":"https:\/\/mjfashion.es\/de\/wp-json\/wp\/v2\/comments?post=1386"}],"wp:featuredmedia":[{"embeddable":true,"href":"https:\/\/mjfashion.es\/de\/wp-json\/wp\/v2\/media\/1387"}],"wp:attachment":[{"href":"https:\/\/mjfashion.es\/de\/wp-json\/wp\/v2\/media?parent=1386"}],"curies":[{"name":"wp","href":"https:\/\/api.w.org\/{rel}","templated":true}]}}