{"id":1435,"date":"2020-06-10T01:52:40","date_gmt":"2020-06-09T23:52:40","guid":{"rendered":"https:\/\/mjfashion.es\/?post_type=product&#038;p=1435"},"modified":"2020-07-29T23:27:50","modified_gmt":"2020-07-29T21:27:50","slug":"polka-dots-wrap-dress","status":"publish","type":"product","link":"https:\/\/mjfashion.es\/de\/produkt\/polka-dots-wrap-dress\/","title":{"rendered":"Polka Dots Wickelkleid"},"content":{"rendered":"<p>Farben: Erh\u00e4ltlich in Schwarz und Wei\u00df<br \/>\nGr\u00f6\u00dfe: S \/ M \/ L<\/p>\n","protected":false},"excerpt":{"rendered":"<p>Wickeleffektkleid mit V-Crossover-Ausschnitt, \u00c4rmeln unter dem Ellbogen mit R\u00fcschenbesatz und geriffeltem Saum. Die gute Qualit\u00e4t des Kleides macht es sehr angenehm zu tragen und verleiht der Haut eine k\u00fchle Note.<\/p>\n","protected":false},"featured_media":1442,"comment_status":"closed","ping_status":"closed","template":"","meta":[],"_links":{"self":[{"href":"https:\/\/mjfashion.es\/de\/wp-json\/wp\/v2\/product\/1435"}],"collection":[{"href":"https:\/\/mjfashion.es\/de\/wp-json\/wp\/v2\/product"}],"about":[{"href":"https:\/\/mjfashion.es\/de\/wp-json\/wp\/v2\/types\/product"}],"replies":[{"embeddable":true,"href":"https:\/\/mjfashion.es\/de\/wp-json\/wp\/v2\/comments?post=1435"}],"wp:featuredmedia":[{"embeddable":true,"href":"https:\/\/mjfashion.es\/de\/wp-json\/wp\/v2\/media\/1442"}],"wp:attachment":[{"href":"https:\/\/mjfashion.es\/de\/wp-json\/wp\/v2\/media?parent=1435"}],"curies":[{"name":"wp","href":"https:\/\/api.w.org\/{rel}","templated":true}]}}