{"id":1446,"date":"2020-06-10T16:32:22","date_gmt":"2020-06-10T14:32:22","guid":{"rendered":"https:\/\/mjfashion.es\/?post_type=product&#038;p=1446"},"modified":"2020-10-22T11:38:08","modified_gmt":"2020-10-22T09:38:08","slug":"sleeveless-short-dress","status":"publish","type":"product","link":"https:\/\/mjfashion.es\/de\/produkt\/sleeveless-short-dress\/","title":{"rendered":"\u00c4rmelloses kurzes Kleid"},"content":{"rendered":"<p>Farben: Erh\u00e4ltlich in Wei\u00df und Faded Denim<br \/>\nGr\u00f6\u00dfe: Einheitsgr\u00f6\u00dfe<\/p>\n","protected":false},"excerpt":{"rendered":"<p>Kurzes Hemdkleid mit normalem Kragen. Falten auf den Schultern. Dekorativer Perlmuttknopfverschluss. Versteckte Seitentaschen. R\u00fcschensaum.<\/p>\n","protected":false},"featured_media":1449,"comment_status":"closed","ping_status":"closed","template":"","meta":[],"_links":{"self":[{"href":"https:\/\/mjfashion.es\/de\/wp-json\/wp\/v2\/product\/1446"}],"collection":[{"href":"https:\/\/mjfashion.es\/de\/wp-json\/wp\/v2\/product"}],"about":[{"href":"https:\/\/mjfashion.es\/de\/wp-json\/wp\/v2\/types\/product"}],"replies":[{"embeddable":true,"href":"https:\/\/mjfashion.es\/de\/wp-json\/wp\/v2\/comments?post=1446"}],"wp:featuredmedia":[{"embeddable":true,"href":"https:\/\/mjfashion.es\/de\/wp-json\/wp\/v2\/media\/1449"}],"wp:attachment":[{"href":"https:\/\/mjfashion.es\/de\/wp-json\/wp\/v2\/media?parent=1446"}],"curies":[{"name":"wp","href":"https:\/\/api.w.org\/{rel}","templated":true}]}}