{"id":1467,"date":"2020-06-11T13:56:18","date_gmt":"2020-06-11T11:56:18","guid":{"rendered":"https:\/\/mjfashion.es\/?post_type=product&#038;p=1467"},"modified":"2020-07-15T15:06:28","modified_gmt":"2020-07-15T13:06:28","slug":"floral-print-dress-with-smoked-detail","status":"publish","type":"product","link":"https:\/\/mjfashion.es\/de\/produkt\/floral-print-dress-with-smoked-detail\/","title":{"rendered":"Kleid mit Blumendruck und Stretchstoff"},"content":{"rendered":"<p>Farben: Erh\u00e4ltlich in Wei\u00df und Gr\u00fcn<br \/>\nGr\u00f6\u00dfe: Einheitsgr\u00f6\u00dfe<\/p>\n","protected":false},"excerpt":{"rendered":"<p>Kurzes Kleid mit kurzen Ballon\u00e4rmeln und elastischen Enden. Oberteil mit elastisch geschmoktem Stretchstoff. R\u00fcschensaum. Die auf einigen Fotos gezeigte Tasche ist nicht im Lieferumfang enthalten (siehe Kategorie Zubeh\u00f6r &#8211; Taschen).<\/p>\n","protected":false},"featured_media":1468,"comment_status":"closed","ping_status":"closed","template":"","meta":[],"_links":{"self":[{"href":"https:\/\/mjfashion.es\/de\/wp-json\/wp\/v2\/product\/1467"}],"collection":[{"href":"https:\/\/mjfashion.es\/de\/wp-json\/wp\/v2\/product"}],"about":[{"href":"https:\/\/mjfashion.es\/de\/wp-json\/wp\/v2\/types\/product"}],"replies":[{"embeddable":true,"href":"https:\/\/mjfashion.es\/de\/wp-json\/wp\/v2\/comments?post=1467"}],"wp:featuredmedia":[{"embeddable":true,"href":"https:\/\/mjfashion.es\/de\/wp-json\/wp\/v2\/media\/1468"}],"wp:attachment":[{"href":"https:\/\/mjfashion.es\/de\/wp-json\/wp\/v2\/media?parent=1467"}],"curies":[{"name":"wp","href":"https:\/\/api.w.org\/{rel}","templated":true}]}}