{"id":1474,"date":"2020-06-11T15:09:46","date_gmt":"2020-06-11T13:09:46","guid":{"rendered":"https:\/\/mjfashion.es\/?post_type=product&#038;p=1474"},"modified":"2020-07-22T17:20:29","modified_gmt":"2020-07-22T15:20:29","slug":"dress-with-cutwork-embroidery","status":"publish","type":"product","link":"https:\/\/mjfashion.es\/de\/produkt\/dress-with-cutwork-embroidery\/","title":{"rendered":"Kleid mit Cutwork-Stickerei"},"content":{"rendered":"<p>Farben: Erh\u00e4ltlich in Gr\u00fcn, Beige, Wei\u00df, Schwarz und Rot<br \/>\nGr\u00f6\u00dfe: Einheitsgr\u00f6\u00dfe<\/p>\n","protected":false},"excerpt":{"rendered":"<p>Locker geschnittenes Baumwollkleid mit elastischem geradem Ausschnitt und offenen \u00c4rmeln, die bis zum Ellbogen fallen. R\u00fcschenbes\u00e4tze und passende frontale Cutwork-Stickerei. Frontfutter.<br \/>\nInfo: Das Modell in Rot war im deutschen Fernsehen zu sehen. Die auf einigen Fotos gezeigten Taschen sind nicht enthalten (siehe Kategorie Zubeh\u00f6r &#8211; Taschen).<\/p>\n","protected":false},"featured_media":1478,"comment_status":"closed","ping_status":"closed","template":"","meta":[],"_links":{"self":[{"href":"https:\/\/mjfashion.es\/de\/wp-json\/wp\/v2\/product\/1474"}],"collection":[{"href":"https:\/\/mjfashion.es\/de\/wp-json\/wp\/v2\/product"}],"about":[{"href":"https:\/\/mjfashion.es\/de\/wp-json\/wp\/v2\/types\/product"}],"replies":[{"embeddable":true,"href":"https:\/\/mjfashion.es\/de\/wp-json\/wp\/v2\/comments?post=1474"}],"wp:featuredmedia":[{"embeddable":true,"href":"https:\/\/mjfashion.es\/de\/wp-json\/wp\/v2\/media\/1478"}],"wp:attachment":[{"href":"https:\/\/mjfashion.es\/de\/wp-json\/wp\/v2\/media?parent=1474"}],"curies":[{"name":"wp","href":"https:\/\/api.w.org\/{rel}","templated":true}]}}