{"id":1502,"date":"2020-06-13T14:19:09","date_gmt":"2020-06-13T12:19:09","guid":{"rendered":"https:\/\/mjfashion.es\/?post_type=product&#038;p=1502"},"modified":"2020-06-13T14:19:09","modified_gmt":"2020-06-13T12:19:09","slug":"tote-bag-flamingo","status":"publish","type":"product","link":"https:\/\/mjfashion.es\/de\/produkt\/tote-bag-flamingo\/","title":{"rendered":"Einkaufstasche Flamingo"},"content":{"rendered":"<p>Farbe: Austernwei\u00df<br \/>\nGr\u00f6\u00dfe: 40 cm x 40 cm<\/p>\n","protected":false},"excerpt":{"rendered":"<p>Tragetasche aus Baumwolle mit Flamingo-Stempel. Innen gef\u00fcttert. Rei\u00dfverschluss schlie\u00dfen. Schulterriemen.<\/p>\n","protected":false},"featured_media":1501,"comment_status":"closed","ping_status":"closed","template":"","meta":[],"_links":{"self":[{"href":"https:\/\/mjfashion.es\/de\/wp-json\/wp\/v2\/product\/1502"}],"collection":[{"href":"https:\/\/mjfashion.es\/de\/wp-json\/wp\/v2\/product"}],"about":[{"href":"https:\/\/mjfashion.es\/de\/wp-json\/wp\/v2\/types\/product"}],"replies":[{"embeddable":true,"href":"https:\/\/mjfashion.es\/de\/wp-json\/wp\/v2\/comments?post=1502"}],"wp:featuredmedia":[{"embeddable":true,"href":"https:\/\/mjfashion.es\/de\/wp-json\/wp\/v2\/media\/1501"}],"wp:attachment":[{"href":"https:\/\/mjfashion.es\/de\/wp-json\/wp\/v2\/media?parent=1502"}],"curies":[{"name":"wp","href":"https:\/\/api.w.org\/{rel}","templated":true}]}}