{"id":1504,"date":"2020-06-13T14:37:57","date_gmt":"2020-06-13T12:37:57","guid":{"rendered":"https:\/\/mjfashion.es\/?post_type=product&#038;p=1504"},"modified":"2020-10-22T11:38:04","modified_gmt":"2020-10-22T09:38:04","slug":"braided-bucket-hat","status":"publish","type":"product","link":"https:\/\/mjfashion.es\/de\/produkt\/braided-bucket-hat\/","title":{"rendered":"Geflochtener Eimerhut"},"content":{"rendered":"<p>Farbe: Nat\u00fcrlich<br \/>\nGr\u00f6\u00dfe: Einheitsgr\u00f6\u00dfe<\/p>\n","protected":false},"excerpt":{"rendered":"<p>Strohhut mit passendem Materialstreifen. Breite Krempe.<\/p>\n","protected":false},"featured_media":1503,"comment_status":"closed","ping_status":"closed","template":"","meta":[],"_links":{"self":[{"href":"https:\/\/mjfashion.es\/de\/wp-json\/wp\/v2\/product\/1504"}],"collection":[{"href":"https:\/\/mjfashion.es\/de\/wp-json\/wp\/v2\/product"}],"about":[{"href":"https:\/\/mjfashion.es\/de\/wp-json\/wp\/v2\/types\/product"}],"replies":[{"embeddable":true,"href":"https:\/\/mjfashion.es\/de\/wp-json\/wp\/v2\/comments?post=1504"}],"wp:featuredmedia":[{"embeddable":true,"href":"https:\/\/mjfashion.es\/de\/wp-json\/wp\/v2\/media\/1503"}],"wp:attachment":[{"href":"https:\/\/mjfashion.es\/de\/wp-json\/wp\/v2\/media?parent=1504"}],"curies":[{"name":"wp","href":"https:\/\/api.w.org\/{rel}","templated":true}]}}