{"id":1505,"date":"2020-06-13T14:41:24","date_gmt":"2020-06-13T12:41:24","guid":{"rendered":"https:\/\/mjfashion.es\/?post_type=product&#038;p=1505"},"modified":"2020-07-22T17:20:27","modified_gmt":"2020-07-22T15:20:27","slug":"hat-with-decorative-military-stripe","status":"publish","type":"product","link":"https:\/\/mjfashion.es\/de\/produkt\/hat-with-decorative-military-stripe\/","title":{"rendered":"Hut mit dekorativem Milit\u00e4rstreifen"},"content":{"rendered":"<p>Farbe: Wei\u00df<br \/>\nGr\u00f6\u00dfe: Einheitsgr\u00f6\u00dfe<\/p>\n","protected":false},"excerpt":{"rendered":"<p>Hut mit breiter Krempe und Zierstreifen. Unsichtbarer Innenriemen zum Anpassen der Gr\u00f6\u00dfe.<\/p>\n","protected":false},"featured_media":1506,"comment_status":"closed","ping_status":"closed","template":"","meta":[],"_links":{"self":[{"href":"https:\/\/mjfashion.es\/de\/wp-json\/wp\/v2\/product\/1505"}],"collection":[{"href":"https:\/\/mjfashion.es\/de\/wp-json\/wp\/v2\/product"}],"about":[{"href":"https:\/\/mjfashion.es\/de\/wp-json\/wp\/v2\/types\/product"}],"replies":[{"embeddable":true,"href":"https:\/\/mjfashion.es\/de\/wp-json\/wp\/v2\/comments?post=1505"}],"wp:featuredmedia":[{"embeddable":true,"href":"https:\/\/mjfashion.es\/de\/wp-json\/wp\/v2\/media\/1506"}],"wp:attachment":[{"href":"https:\/\/mjfashion.es\/de\/wp-json\/wp\/v2\/media?parent=1505"}],"curies":[{"name":"wp","href":"https:\/\/api.w.org\/{rel}","templated":true}]}}