{"id":1530,"date":"2020-06-14T21:57:39","date_gmt":"2020-06-14T19:57:39","guid":{"rendered":"https:\/\/mjfashion.es\/?post_type=product&#038;p=1530"},"modified":"2020-07-18T15:42:38","modified_gmt":"2020-07-18T13:42:38","slug":"tropical-print-long-dress-2","status":"publish","type":"product","link":"https:\/\/mjfashion.es\/de\/produkt\/tropical-print-long-dress-2\/","title":{"rendered":"Tropisch-bedrucktes Langes Kleid"},"content":{"rendered":"<p>Farbe: Beige<br \/>\nGr\u00f6\u00dfe: Einheitsgr\u00f6\u00dfe<br \/>\nL\u00e4nge: 150 cm<\/p>\n","protected":false},"excerpt":{"rendered":"<p>Langes Kleid mit hoher Taille. Crossover V-Ausschnitt. R\u00fcschenbes\u00e4tze an den Schultern. Binde-G\u00fcrtel aus dem gleichen Stoff.<\/p>\n","protected":false},"featured_media":1529,"comment_status":"closed","ping_status":"closed","template":"","meta":[],"_links":{"self":[{"href":"https:\/\/mjfashion.es\/de\/wp-json\/wp\/v2\/product\/1530"}],"collection":[{"href":"https:\/\/mjfashion.es\/de\/wp-json\/wp\/v2\/product"}],"about":[{"href":"https:\/\/mjfashion.es\/de\/wp-json\/wp\/v2\/types\/product"}],"replies":[{"embeddable":true,"href":"https:\/\/mjfashion.es\/de\/wp-json\/wp\/v2\/comments?post=1530"}],"wp:featuredmedia":[{"embeddable":true,"href":"https:\/\/mjfashion.es\/de\/wp-json\/wp\/v2\/media\/1529"}],"wp:attachment":[{"href":"https:\/\/mjfashion.es\/de\/wp-json\/wp\/v2\/media?parent=1530"}],"curies":[{"name":"wp","href":"https:\/\/api.w.org\/{rel}","templated":true}]}}