{"id":1531,"date":"2020-06-14T21:58:03","date_gmt":"2020-06-14T19:58:03","guid":{"rendered":"https:\/\/mjfashion.es\/?post_type=product&#038;p=1531"},"modified":"2020-08-01T16:55:32","modified_gmt":"2020-08-01T14:55:32","slug":"tropical-print-long-dress-3","status":"publish","type":"product","link":"https:\/\/mjfashion.es\/de\/produkt\/tropical-print-long-dress-3\/","title":{"rendered":"Tropisch-bedrucktes Langes Kleid"},"content":{"rendered":"<p>Farbe: Gr\u00fcn-T\u00fcrkis<br \/>\nGr\u00f6\u00dfe: Einheitsgr\u00f6\u00dfe<br \/>\nL\u00e4nge: 150 cm<\/p>\n","protected":false},"excerpt":{"rendered":"<p>Langes Kleid mit hoher Taille. Crossover V-Ausschnitt. R\u00fcschenbes\u00e4tze an den Schultern. Binde-G\u00fcrtel aus dem gleichen Stoff.<\/p>\n","protected":false},"featured_media":1526,"comment_status":"closed","ping_status":"closed","template":"","meta":[],"_links":{"self":[{"href":"https:\/\/mjfashion.es\/de\/wp-json\/wp\/v2\/product\/1531"}],"collection":[{"href":"https:\/\/mjfashion.es\/de\/wp-json\/wp\/v2\/product"}],"about":[{"href":"https:\/\/mjfashion.es\/de\/wp-json\/wp\/v2\/types\/product"}],"replies":[{"embeddable":true,"href":"https:\/\/mjfashion.es\/de\/wp-json\/wp\/v2\/comments?post=1531"}],"wp:featuredmedia":[{"embeddable":true,"href":"https:\/\/mjfashion.es\/de\/wp-json\/wp\/v2\/media\/1526"}],"wp:attachment":[{"href":"https:\/\/mjfashion.es\/de\/wp-json\/wp\/v2\/media?parent=1531"}],"curies":[{"name":"wp","href":"https:\/\/api.w.org\/{rel}","templated":true}]}}