{"id":1532,"date":"2020-06-14T22:25:36","date_gmt":"2020-06-14T20:25:36","guid":{"rendered":"https:\/\/mjfashion.es\/?post_type=product&#038;p=1532"},"modified":"2020-10-22T11:38:08","modified_gmt":"2020-10-22T09:38:08","slug":"long-necklace-with-palm-leaves-pendant","status":"publish","type":"product","link":"https:\/\/mjfashion.es\/de\/produkt\/long-necklace-with-palm-leaves-pendant\/","title":{"rendered":"Lange Halskette mit Palm Leaves Anh\u00e4nger"},"content":{"rendered":"<p>Farben: Erh\u00e4ltlich in Gr\u00fcn-Gold-Beige, Rot-Gold-Schwarz, Rot-Gold-Beige und Blau-Silber-Grau<\/p>\n","protected":false},"excerpt":{"rendered":"<p>Lange Halskette mit zwei Kontrastanh\u00e4ngern in Form eines Palmblattes. Einstellbare L\u00e4nge. Karabinerverschluss.<\/p>\n","protected":false},"featured_media":1548,"comment_status":"closed","ping_status":"closed","template":"","meta":[],"_links":{"self":[{"href":"https:\/\/mjfashion.es\/de\/wp-json\/wp\/v2\/product\/1532"}],"collection":[{"href":"https:\/\/mjfashion.es\/de\/wp-json\/wp\/v2\/product"}],"about":[{"href":"https:\/\/mjfashion.es\/de\/wp-json\/wp\/v2\/types\/product"}],"replies":[{"embeddable":true,"href":"https:\/\/mjfashion.es\/de\/wp-json\/wp\/v2\/comments?post=1532"}],"wp:featuredmedia":[{"embeddable":true,"href":"https:\/\/mjfashion.es\/de\/wp-json\/wp\/v2\/media\/1548"}],"wp:attachment":[{"href":"https:\/\/mjfashion.es\/de\/wp-json\/wp\/v2\/media?parent=1532"}],"curies":[{"name":"wp","href":"https:\/\/api.w.org\/{rel}","templated":true}]}}