{"id":1552,"date":"2020-06-15T12:42:36","date_gmt":"2020-06-15T10:42:36","guid":{"rendered":"https:\/\/mjfashion.es\/?post_type=product&#038;p=1552"},"modified":"2020-10-22T11:38:08","modified_gmt":"2020-10-22T09:38:08","slug":"dress-with-matching-ruffles","status":"publish","type":"product","link":"https:\/\/mjfashion.es\/de\/produkt\/dress-with-matching-ruffles\/","title":{"rendered":"Kleid mit passenden R\u00fcschen"},"content":{"rendered":"<p>Farben: Erh\u00e4ltlich in Gr\u00fcn, Wei\u00df und Schwarz<br \/>\nGr\u00f6\u00dfe: Einheitsgr\u00f6\u00dfe<\/p>\n","protected":false},"excerpt":{"rendered":"<p>Kurz\u00e4rmliges Kleid mit einem T-Shirt-Oberteil aus Kontraststoff und einem Popeline-Rockteil mit hoher Taille und gekr\u00e4uselten Details.<\/p>\n","protected":false},"featured_media":1557,"comment_status":"closed","ping_status":"closed","template":"","meta":[],"_links":{"self":[{"href":"https:\/\/mjfashion.es\/de\/wp-json\/wp\/v2\/product\/1552"}],"collection":[{"href":"https:\/\/mjfashion.es\/de\/wp-json\/wp\/v2\/product"}],"about":[{"href":"https:\/\/mjfashion.es\/de\/wp-json\/wp\/v2\/types\/product"}],"replies":[{"embeddable":true,"href":"https:\/\/mjfashion.es\/de\/wp-json\/wp\/v2\/comments?post=1552"}],"wp:featuredmedia":[{"embeddable":true,"href":"https:\/\/mjfashion.es\/de\/wp-json\/wp\/v2\/media\/1557"}],"wp:attachment":[{"href":"https:\/\/mjfashion.es\/de\/wp-json\/wp\/v2\/media?parent=1552"}],"curies":[{"name":"wp","href":"https:\/\/api.w.org\/{rel}","templated":true}]}}