{"id":1564,"date":"2020-06-16T00:09:40","date_gmt":"2020-06-15T22:09:40","guid":{"rendered":"https:\/\/mjfashion.es\/?post_type=product&#038;p=1564"},"modified":"2020-10-22T11:38:08","modified_gmt":"2020-10-22T09:38:08","slug":"exotic-pattern-wrap-dress","status":"publish","type":"product","link":"https:\/\/mjfashion.es\/de\/produkt\/exotic-pattern-wrap-dress\/","title":{"rendered":"Wickelkleid mit exotischem Muster"},"content":{"rendered":"<p>Farbe: Mehrfarbig einschlie\u00dflich T\u00fcrkis, Traubenkompott, Gold<br \/>\nGr\u00f6\u00dfe: S \/ M<\/p>\n","protected":false},"excerpt":{"rendered":"<p>Wickeleffektkleid mit V-Crossover-Ausschnitt, \u00c4rmel bis unter die Ellbogen mit R\u00fcschenbesatz und geriffeltem Saum. Die gute Qualit\u00e4t des Kleides macht es sehr angenehm zu tragen und verleiht der Haut eine k\u00fchle Note.<\/p>\n","protected":false},"featured_media":1565,"comment_status":"closed","ping_status":"closed","template":"","meta":[],"_links":{"self":[{"href":"https:\/\/mjfashion.es\/de\/wp-json\/wp\/v2\/product\/1564"}],"collection":[{"href":"https:\/\/mjfashion.es\/de\/wp-json\/wp\/v2\/product"}],"about":[{"href":"https:\/\/mjfashion.es\/de\/wp-json\/wp\/v2\/types\/product"}],"replies":[{"embeddable":true,"href":"https:\/\/mjfashion.es\/de\/wp-json\/wp\/v2\/comments?post=1564"}],"wp:featuredmedia":[{"embeddable":true,"href":"https:\/\/mjfashion.es\/de\/wp-json\/wp\/v2\/media\/1565"}],"wp:attachment":[{"href":"https:\/\/mjfashion.es\/de\/wp-json\/wp\/v2\/media?parent=1564"}],"curies":[{"name":"wp","href":"https:\/\/api.w.org\/{rel}","templated":true}]}}