{"id":1611,"date":"2020-06-19T16:26:10","date_gmt":"2020-06-19T14:26:10","guid":{"rendered":"https:\/\/mjfashion.es\/?post_type=product&#038;p=1611"},"modified":"2020-07-22T17:20:29","modified_gmt":"2020-07-22T15:20:29","slug":"ruffled-mini-skirt","status":"publish","type":"product","link":"https:\/\/mjfashion.es\/de\/produkt\/ruffled-mini-skirt\/","title":{"rendered":"R\u00fcschen-Minirock"},"content":{"rendered":"<p>Farben: Erh\u00e4ltlich in Flieder, Biskaya-Gr\u00fcn, Blau und Wei\u00df<br \/>\nGr\u00f6\u00dfe: Einheitsgr\u00f6\u00dfe<\/p>\n","protected":false},"excerpt":{"rendered":"<p>Strukturierter Minirock mit hoher Taille und gekr\u00e4uselten Details. Elastischer Bund.<\/p>\n","protected":false},"featured_media":1616,"comment_status":"closed","ping_status":"closed","template":"","meta":[],"_links":{"self":[{"href":"https:\/\/mjfashion.es\/de\/wp-json\/wp\/v2\/product\/1611"}],"collection":[{"href":"https:\/\/mjfashion.es\/de\/wp-json\/wp\/v2\/product"}],"about":[{"href":"https:\/\/mjfashion.es\/de\/wp-json\/wp\/v2\/types\/product"}],"replies":[{"embeddable":true,"href":"https:\/\/mjfashion.es\/de\/wp-json\/wp\/v2\/comments?post=1611"}],"wp:featuredmedia":[{"embeddable":true,"href":"https:\/\/mjfashion.es\/de\/wp-json\/wp\/v2\/media\/1616"}],"wp:attachment":[{"href":"https:\/\/mjfashion.es\/de\/wp-json\/wp\/v2\/media?parent=1611"}],"curies":[{"name":"wp","href":"https:\/\/api.w.org\/{rel}","templated":true}]}}