{"id":1634,"date":"2020-06-19T17:59:53","date_gmt":"2020-06-19T15:59:53","guid":{"rendered":"https:\/\/mjfashion.es\/?post_type=product&#038;p=1634"},"modified":"2020-07-22T17:20:27","modified_gmt":"2020-07-22T15:20:27","slug":"dress-with-fine-flower-prints","status":"publish","type":"product","link":"https:\/\/mjfashion.es\/de\/produkt\/dress-with-fine-flower-prints\/","title":{"rendered":"Kleid mit feinen Blumendrucken"},"content":{"rendered":"<p>Farbe: Sonnengelb<br \/>\nGr\u00f6\u00dfe: Einheitsgr\u00f6\u00dfe<\/p>\n","protected":false},"excerpt":{"rendered":"<p>Kurzes flie\u00dfendes \u00e4rmelloses Kleid. V-Ausschnitt. R\u00fcschenbes\u00e4tze an den Schultern. R\u00fcschensaum.<\/p>\n","protected":false},"featured_media":1636,"comment_status":"closed","ping_status":"closed","template":"","meta":[],"_links":{"self":[{"href":"https:\/\/mjfashion.es\/de\/wp-json\/wp\/v2\/product\/1634"}],"collection":[{"href":"https:\/\/mjfashion.es\/de\/wp-json\/wp\/v2\/product"}],"about":[{"href":"https:\/\/mjfashion.es\/de\/wp-json\/wp\/v2\/types\/product"}],"replies":[{"embeddable":true,"href":"https:\/\/mjfashion.es\/de\/wp-json\/wp\/v2\/comments?post=1634"}],"wp:featuredmedia":[{"embeddable":true,"href":"https:\/\/mjfashion.es\/de\/wp-json\/wp\/v2\/media\/1636"}],"wp:attachment":[{"href":"https:\/\/mjfashion.es\/de\/wp-json\/wp\/v2\/media?parent=1634"}],"curies":[{"name":"wp","href":"https:\/\/api.w.org\/{rel}","templated":true}]}}