{"id":1651,"date":"2020-06-19T23:26:18","date_gmt":"2020-06-19T21:26:18","guid":{"rendered":"https:\/\/mjfashion.es\/?post_type=product&#038;p=1651"},"modified":"2020-09-12T09:40:58","modified_gmt":"2020-09-12T07:40:58","slug":"tie-dye-dress-with-ruffles","status":"publish","type":"product","link":"https:\/\/mjfashion.es\/de\/produkt\/tie-dye-dress-with-ruffles\/","title":{"rendered":"Tie-Dye-Kleid mit R\u00fcschen"},"content":{"rendered":"<p>Farbe: Sonniges Gelb-Wei\u00df<br \/>\nGr\u00f6\u00dfe: Einheitsgr\u00f6\u00dfe<br \/>\nDie Tasche auf einem der Fotos ist nicht enthalten (siehe Kategorie Zubeh\u00f6r &#8211; Taschen).<\/p>\n","protected":false},"excerpt":{"rendered":"<p>Locker geschnittenes kurzes Kleid mit V-Ausschnitt, kurzen vollen \u00c4rmeln und gekr\u00e4useltem Saum.<\/p>\n","protected":false},"featured_media":1650,"comment_status":"closed","ping_status":"closed","template":"","meta":[],"_links":{"self":[{"href":"https:\/\/mjfashion.es\/de\/wp-json\/wp\/v2\/product\/1651"}],"collection":[{"href":"https:\/\/mjfashion.es\/de\/wp-json\/wp\/v2\/product"}],"about":[{"href":"https:\/\/mjfashion.es\/de\/wp-json\/wp\/v2\/types\/product"}],"replies":[{"embeddable":true,"href":"https:\/\/mjfashion.es\/de\/wp-json\/wp\/v2\/comments?post=1651"}],"wp:featuredmedia":[{"embeddable":true,"href":"https:\/\/mjfashion.es\/de\/wp-json\/wp\/v2\/media\/1650"}],"wp:attachment":[{"href":"https:\/\/mjfashion.es\/de\/wp-json\/wp\/v2\/media?parent=1651"}],"curies":[{"name":"wp","href":"https:\/\/api.w.org\/{rel}","templated":true}]}}