{"id":166,"date":"2020-04-21T17:20:03","date_gmt":"2020-04-21T15:20:03","guid":{"rendered":"https:\/\/mjfashion.es\/?post_type=product&#038;p=166"},"modified":"2020-08-22T15:58:04","modified_gmt":"2020-08-22T13:58:04","slug":"floral-print-cerulean-blue-dress","status":"publish","type":"product","link":"https:\/\/mjfashion.es\/de\/produkt\/floral-print-cerulean-blue-dress\/","title":{"rendered":"Blaues Kleid mit Blumendruck"},"content":{"rendered":"<p>Farbe: Faded Denim Blue<br \/>\nGr\u00f6\u00dfe: Einheitsgr\u00f6\u00dfe<\/p>\n","protected":false},"excerpt":{"rendered":"<p>Ceruleanblaues Kleid mit Blumendruck, rundem Ausschnitt, gekn\u00f6pfter \u00d6ffnung hinten, elastischer Taille und langen \u00c4rmeln mit elastischen B\u00fcndchen. Das Himmelblau ist eine der Top-Modefarben der Saison. Einheitsgr\u00f6\u00dfe passt f\u00fcr Frauen der Gr\u00f6\u00dfen S, M und L (Gr\u00f6\u00dfen 36, 38, 40, 42).<\/p>\n","protected":false},"featured_media":1137,"comment_status":"open","ping_status":"closed","template":"","meta":[],"_links":{"self":[{"href":"https:\/\/mjfashion.es\/de\/wp-json\/wp\/v2\/product\/166"}],"collection":[{"href":"https:\/\/mjfashion.es\/de\/wp-json\/wp\/v2\/product"}],"about":[{"href":"https:\/\/mjfashion.es\/de\/wp-json\/wp\/v2\/types\/product"}],"replies":[{"embeddable":true,"href":"https:\/\/mjfashion.es\/de\/wp-json\/wp\/v2\/comments?post=166"}],"wp:featuredmedia":[{"embeddable":true,"href":"https:\/\/mjfashion.es\/de\/wp-json\/wp\/v2\/media\/1137"}],"wp:attachment":[{"href":"https:\/\/mjfashion.es\/de\/wp-json\/wp\/v2\/media?parent=166"}],"curies":[{"name":"wp","href":"https:\/\/api.w.org\/{rel}","templated":true}]}}