{"id":1685,"date":"2020-06-20T17:52:41","date_gmt":"2020-06-20T15:52:41","guid":{"rendered":"https:\/\/mjfashion.es\/?post_type=product&#038;p=1685"},"modified":"2020-10-22T11:38:08","modified_gmt":"2020-10-22T09:38:08","slug":"long-skirt-with-a-belt","status":"publish","type":"product","link":"https:\/\/mjfashion.es\/de\/produkt\/long-skirt-with-a-belt\/","title":{"rendered":"Langer Rock mit G\u00fcrtel"},"content":{"rendered":"<p>Farben: Zimt, Khaki und Dark Turquoise<br \/>\nGr\u00f6\u00dfe: Einheitsgr\u00f6\u00dfe<br \/>\nL\u00e4nge: 97 cm<\/p>\n","protected":false},"excerpt":{"rendered":"<p>Viskose-Langrock mit hoher Taille, elastischem Taillenbund, geflochtenem Baumwollg\u00fcrtel und Seitentaschen in der Naht.<\/p>\n","protected":false},"featured_media":1691,"comment_status":"closed","ping_status":"closed","template":"","meta":[],"_links":{"self":[{"href":"https:\/\/mjfashion.es\/de\/wp-json\/wp\/v2\/product\/1685"}],"collection":[{"href":"https:\/\/mjfashion.es\/de\/wp-json\/wp\/v2\/product"}],"about":[{"href":"https:\/\/mjfashion.es\/de\/wp-json\/wp\/v2\/types\/product"}],"replies":[{"embeddable":true,"href":"https:\/\/mjfashion.es\/de\/wp-json\/wp\/v2\/comments?post=1685"}],"wp:featuredmedia":[{"embeddable":true,"href":"https:\/\/mjfashion.es\/de\/wp-json\/wp\/v2\/media\/1691"}],"wp:attachment":[{"href":"https:\/\/mjfashion.es\/de\/wp-json\/wp\/v2\/media?parent=1685"}],"curies":[{"name":"wp","href":"https:\/\/api.w.org\/{rel}","templated":true}]}}