{"id":1970,"date":"2020-07-02T18:40:56","date_gmt":"2020-07-02T16:40:56","guid":{"rendered":"https:\/\/mjfashion.es\/?post_type=product&#038;p=1970"},"modified":"2020-07-29T23:27:49","modified_gmt":"2020-07-29T21:27:49","slug":"back-snap-elastic-belt","status":"publish","type":"product","link":"https:\/\/mjfashion.es\/de\/produkt\/back-snap-elastic-belt\/","title":{"rendered":"Elastischer G\u00fcrtel mit R\u00fcckschnappverschluss"},"content":{"rendered":"<p>Farben: Erh\u00e4ltlich in Beige und Golden<br \/>\nGr\u00f6\u00dfe: 70 cm x 6 cm<\/p>\n","protected":false},"excerpt":{"rendered":"<p>Elastischer G\u00fcrtel mit Druckknopfverschluss hinten und dekorativer Schnalle vorne.<\/p>\n","protected":false},"featured_media":1973,"comment_status":"closed","ping_status":"closed","template":"","meta":[],"_links":{"self":[{"href":"https:\/\/mjfashion.es\/de\/wp-json\/wp\/v2\/product\/1970"}],"collection":[{"href":"https:\/\/mjfashion.es\/de\/wp-json\/wp\/v2\/product"}],"about":[{"href":"https:\/\/mjfashion.es\/de\/wp-json\/wp\/v2\/types\/product"}],"replies":[{"embeddable":true,"href":"https:\/\/mjfashion.es\/de\/wp-json\/wp\/v2\/comments?post=1970"}],"wp:featuredmedia":[{"embeddable":true,"href":"https:\/\/mjfashion.es\/de\/wp-json\/wp\/v2\/media\/1973"}],"wp:attachment":[{"href":"https:\/\/mjfashion.es\/de\/wp-json\/wp\/v2\/media?parent=1970"}],"curies":[{"name":"wp","href":"https:\/\/api.w.org\/{rel}","templated":true}]}}