{"id":1977,"date":"2020-07-03T13:14:45","date_gmt":"2020-07-03T11:14:45","guid":{"rendered":"https:\/\/mjfashion.es\/?post_type=product&#038;p=1977"},"modified":"2020-07-22T17:20:26","modified_gmt":"2020-07-22T15:20:26","slug":"printed-culotte-trousers","status":"publish","type":"product","link":"https:\/\/mjfashion.es\/de\/produkt\/printed-culotte-trousers\/","title":{"rendered":"Bedruckte Culotte-Hose"},"content":{"rendered":"<p>Farbe: Mehrfarbig &#8211; Braun mit Safran<br \/>\nGr\u00f6\u00dfe: Einheitsgr\u00f6\u00dfe<\/p>\n","protected":false},"excerpt":{"rendered":"<p>Flie\u00dfende Hose mit hoher Taille und weitem Bein. Elastischer Bund mit passendem Stoffg\u00fcrtel. Falten in der Taille.<\/p>\n","protected":false},"featured_media":1978,"comment_status":"closed","ping_status":"closed","template":"","meta":[],"_links":{"self":[{"href":"https:\/\/mjfashion.es\/de\/wp-json\/wp\/v2\/product\/1977"}],"collection":[{"href":"https:\/\/mjfashion.es\/de\/wp-json\/wp\/v2\/product"}],"about":[{"href":"https:\/\/mjfashion.es\/de\/wp-json\/wp\/v2\/types\/product"}],"replies":[{"embeddable":true,"href":"https:\/\/mjfashion.es\/de\/wp-json\/wp\/v2\/comments?post=1977"}],"wp:featuredmedia":[{"embeddable":true,"href":"https:\/\/mjfashion.es\/de\/wp-json\/wp\/v2\/media\/1978"}],"wp:attachment":[{"href":"https:\/\/mjfashion.es\/de\/wp-json\/wp\/v2\/media?parent=1977"}],"curies":[{"name":"wp","href":"https:\/\/api.w.org\/{rel}","templated":true}]}}