{"id":1981,"date":"2020-07-03T13:32:56","date_gmt":"2020-07-03T11:32:56","guid":{"rendered":"https:\/\/mjfashion.es\/?post_type=product&#038;p=1981"},"modified":"2020-08-22T15:58:05","modified_gmt":"2020-08-22T13:58:05","slug":"wrap-long-dress-with-tropical-print","status":"publish","type":"product","link":"https:\/\/mjfashion.es\/de\/produkt\/wrap-long-dress-with-tropical-print\/","title":{"rendered":"Langes Wickelkleid mit tropischem Druck"},"content":{"rendered":"<p>Farben: Erh\u00e4ltlich in Wei\u00df und Khaki<br \/>\nGr\u00f6\u00dfe: Einheitsgr\u00f6\u00dfe<br \/>\nL\u00e4nge: 125 cm<\/p>\n","protected":false},"excerpt":{"rendered":"<p>\u00c4rmelloses langes Kleid mit Crossover-V-Ausschnitt, G\u00fcrtel aus dem selben Stoff, gekr\u00e4uselten Verzierungen an den Schultern, Schlitz vorne und gekr\u00e4useltem Saum.<\/p>\n","protected":false},"featured_media":1982,"comment_status":"closed","ping_status":"closed","template":"","meta":[],"_links":{"self":[{"href":"https:\/\/mjfashion.es\/de\/wp-json\/wp\/v2\/product\/1981"}],"collection":[{"href":"https:\/\/mjfashion.es\/de\/wp-json\/wp\/v2\/product"}],"about":[{"href":"https:\/\/mjfashion.es\/de\/wp-json\/wp\/v2\/types\/product"}],"replies":[{"embeddable":true,"href":"https:\/\/mjfashion.es\/de\/wp-json\/wp\/v2\/comments?post=1981"}],"wp:featuredmedia":[{"embeddable":true,"href":"https:\/\/mjfashion.es\/de\/wp-json\/wp\/v2\/media\/1982"}],"wp:attachment":[{"href":"https:\/\/mjfashion.es\/de\/wp-json\/wp\/v2\/media?parent=1981"}],"curies":[{"name":"wp","href":"https:\/\/api.w.org\/{rel}","templated":true}]}}