{"id":1986,"date":"2020-07-03T17:34:13","date_gmt":"2020-07-03T15:34:13","guid":{"rendered":"https:\/\/mjfashion.es\/?post_type=product&#038;p=1986"},"modified":"2020-07-29T23:27:48","modified_gmt":"2020-07-29T21:27:48","slug":"sunny-yellow-dress","status":"publish","type":"product","link":"https:\/\/mjfashion.es\/de\/produkt\/sunny-yellow-dress\/","title":{"rendered":"Sonniges gelbes Kleid"},"content":{"rendered":"<p>Farbe: Gelb<br \/>\nGr\u00f6\u00dfe: Einheitsgr\u00f6\u00dfe<\/p>\n","protected":false},"excerpt":{"rendered":"<p>Kurzes Baumwollkleid mit V-Ausschnitt und gekr\u00e4uselten Verzierungen an den Schultern.<\/p>\n","protected":false},"featured_media":1984,"comment_status":"closed","ping_status":"closed","template":"","meta":[],"_links":{"self":[{"href":"https:\/\/mjfashion.es\/de\/wp-json\/wp\/v2\/product\/1986"}],"collection":[{"href":"https:\/\/mjfashion.es\/de\/wp-json\/wp\/v2\/product"}],"about":[{"href":"https:\/\/mjfashion.es\/de\/wp-json\/wp\/v2\/types\/product"}],"replies":[{"embeddable":true,"href":"https:\/\/mjfashion.es\/de\/wp-json\/wp\/v2\/comments?post=1986"}],"wp:featuredmedia":[{"embeddable":true,"href":"https:\/\/mjfashion.es\/de\/wp-json\/wp\/v2\/media\/1984"}],"wp:attachment":[{"href":"https:\/\/mjfashion.es\/de\/wp-json\/wp\/v2\/media?parent=1986"}],"curies":[{"name":"wp","href":"https:\/\/api.w.org\/{rel}","templated":true}]}}