{"id":1997,"date":"2020-07-03T19:52:44","date_gmt":"2020-07-03T17:52:44","guid":{"rendered":"https:\/\/mjfashion.es\/?post_type=product&#038;p=1997"},"modified":"2020-10-22T11:38:07","modified_gmt":"2020-10-22T09:38:07","slug":"cotton-shorts","status":"publish","type":"product","link":"https:\/\/mjfashion.es\/de\/produkt\/cotton-shorts\/","title":{"rendered":"Baumwollshorts"},"content":{"rendered":"<p>Farben: Erh\u00e4ltlich in Pink, Dunkel Khaki und Wei\u00df<br \/>\nGr\u00f6\u00dfe: Einheitsgr\u00f6\u00dfe<\/p>\n","protected":false},"excerpt":{"rendered":"<p>Baumwollshorts mit elastischem Bund mit Kordelzug.<\/p>\n","protected":false},"featured_media":2001,"comment_status":"closed","ping_status":"closed","template":"","meta":[],"_links":{"self":[{"href":"https:\/\/mjfashion.es\/de\/wp-json\/wp\/v2\/product\/1997"}],"collection":[{"href":"https:\/\/mjfashion.es\/de\/wp-json\/wp\/v2\/product"}],"about":[{"href":"https:\/\/mjfashion.es\/de\/wp-json\/wp\/v2\/types\/product"}],"replies":[{"embeddable":true,"href":"https:\/\/mjfashion.es\/de\/wp-json\/wp\/v2\/comments?post=1997"}],"wp:featuredmedia":[{"embeddable":true,"href":"https:\/\/mjfashion.es\/de\/wp-json\/wp\/v2\/media\/2001"}],"wp:attachment":[{"href":"https:\/\/mjfashion.es\/de\/wp-json\/wp\/v2\/media?parent=1997"}],"curies":[{"name":"wp","href":"https:\/\/api.w.org\/{rel}","templated":true}]}}