{"id":2007,"date":"2020-07-03T22:22:30","date_gmt":"2020-07-03T20:22:30","guid":{"rendered":"https:\/\/mjfashion.es\/?post_type=product&#038;p=2007"},"modified":"2020-10-22T11:38:07","modified_gmt":"2020-10-22T09:38:07","slug":"fine-striped-blouse","status":"publish","type":"product","link":"https:\/\/mjfashion.es\/de\/produkt\/fine-striped-blouse\/","title":{"rendered":"Fein gestreifte Bluse"},"content":{"rendered":"<p>Farben: Erh\u00e4ltlich in Rot, T\u00fcrkis, Hellblau, Grau, Gr\u00fcn, Faded Denim, Khaki und Pink<br \/>\nGr\u00f6\u00dfe: Einheitsgr\u00f6\u00dfe<\/p>\n","protected":false},"excerpt":{"rendered":"<p>Gestreifte Bluse mit offenem Rundhalsausschnitt, kurzen \u00c4rmeln (offen werden sie lang) und unregelm\u00e4\u00dfigem Saum. Die Bluse ist superleicht und an Sommertagen angenehm zu tragen.<\/p>\n","protected":false},"featured_media":2013,"comment_status":"closed","ping_status":"closed","template":"","meta":[],"_links":{"self":[{"href":"https:\/\/mjfashion.es\/de\/wp-json\/wp\/v2\/product\/2007"}],"collection":[{"href":"https:\/\/mjfashion.es\/de\/wp-json\/wp\/v2\/product"}],"about":[{"href":"https:\/\/mjfashion.es\/de\/wp-json\/wp\/v2\/types\/product"}],"replies":[{"embeddable":true,"href":"https:\/\/mjfashion.es\/de\/wp-json\/wp\/v2\/comments?post=2007"}],"wp:featuredmedia":[{"embeddable":true,"href":"https:\/\/mjfashion.es\/de\/wp-json\/wp\/v2\/media\/2013"}],"wp:attachment":[{"href":"https:\/\/mjfashion.es\/de\/wp-json\/wp\/v2\/media?parent=2007"}],"curies":[{"name":"wp","href":"https:\/\/api.w.org\/{rel}","templated":true}]}}