{"id":202,"date":"2020-04-21T21:19:33","date_gmt":"2020-04-21T19:19:33","guid":{"rendered":"https:\/\/mjfashion.es\/?post_type=product&#038;p=202"},"modified":"2020-06-28T16:39:34","modified_gmt":"2020-06-28T14:39:34","slug":"hug-me-dress-coral-pink-dress","status":"publish","type":"product","link":"https:\/\/mjfashion.es\/de\/produkt\/hug-me-dress-coral-pink-dress\/","title":{"rendered":"Korallenrosa Wickelkleid"},"content":{"rendered":"<p>Farbe: Korallenrosa<br \/>\nGr\u00f6\u00dfe: Einheitsgr\u00f6\u00dfe<\/p>\n","protected":false},"excerpt":{"rendered":"<p>Kurzes korallenrosa Kleid mit Blumenmuster. Bindeg\u00fcrtel aus dem selben Stoff mit gekreuzter Doppelring-Metallschnalle vorn und Schleife hinten. Midi-\u00c4rmel mit R\u00fcschenbesatz.<\/p>\n","protected":false},"featured_media":783,"comment_status":"open","ping_status":"closed","template":"","meta":[],"_links":{"self":[{"href":"https:\/\/mjfashion.es\/de\/wp-json\/wp\/v2\/product\/202"}],"collection":[{"href":"https:\/\/mjfashion.es\/de\/wp-json\/wp\/v2\/product"}],"about":[{"href":"https:\/\/mjfashion.es\/de\/wp-json\/wp\/v2\/types\/product"}],"replies":[{"embeddable":true,"href":"https:\/\/mjfashion.es\/de\/wp-json\/wp\/v2\/comments?post=202"}],"wp:featuredmedia":[{"embeddable":true,"href":"https:\/\/mjfashion.es\/de\/wp-json\/wp\/v2\/media\/783"}],"wp:attachment":[{"href":"https:\/\/mjfashion.es\/de\/wp-json\/wp\/v2\/media?parent=202"}],"curies":[{"name":"wp","href":"https:\/\/api.w.org\/{rel}","templated":true}]}}