{"id":2044,"date":"2020-07-04T00:26:18","date_gmt":"2020-07-03T22:26:18","guid":{"rendered":"https:\/\/mjfashion.es\/?post_type=product&#038;p=2044"},"modified":"2020-10-22T11:38:07","modified_gmt":"2020-10-22T09:38:07","slug":"ethno-pattern-loose-fit-dress","status":"publish","type":"product","link":"https:\/\/mjfashion.es\/de\/produkt\/ethno-pattern-loose-fit-dress\/","title":{"rendered":"Locker geschnittenes Kleid mit Ethno-Muster"},"content":{"rendered":"<p>Farben: Erh\u00e4ltlich in Denim Blau und T\u00fcrkis<br \/>\nGr\u00f6\u00dfe: Einheitsgr\u00f6\u00dfe<br \/>\nL\u00e4nge: 95 cm<\/p>\n","protected":false},"excerpt":{"rendered":"<p>Kleid mit rundem Ausschnitt und \u00c4rmeln, die bis zum Ellbogen reichen und mit gekr\u00e4uselten Verzierungen versehen sind. Lose, hohe Plissee Taille.<\/p>\n","protected":false},"featured_media":2048,"comment_status":"closed","ping_status":"closed","template":"","meta":[],"_links":{"self":[{"href":"https:\/\/mjfashion.es\/de\/wp-json\/wp\/v2\/product\/2044"}],"collection":[{"href":"https:\/\/mjfashion.es\/de\/wp-json\/wp\/v2\/product"}],"about":[{"href":"https:\/\/mjfashion.es\/de\/wp-json\/wp\/v2\/types\/product"}],"replies":[{"embeddable":true,"href":"https:\/\/mjfashion.es\/de\/wp-json\/wp\/v2\/comments?post=2044"}],"wp:featuredmedia":[{"embeddable":true,"href":"https:\/\/mjfashion.es\/de\/wp-json\/wp\/v2\/media\/2048"}],"wp:attachment":[{"href":"https:\/\/mjfashion.es\/de\/wp-json\/wp\/v2\/media?parent=2044"}],"curies":[{"name":"wp","href":"https:\/\/api.w.org\/{rel}","templated":true}]}}