{"id":2053,"date":"2020-07-04T01:09:06","date_gmt":"2020-07-03T23:09:06","guid":{"rendered":"https:\/\/mjfashion.es\/?post_type=product&#038;p=2053"},"modified":"2020-07-15T15:15:59","modified_gmt":"2020-07-15T13:15:59","slug":"loose-fit-blouse-2","status":"publish","type":"product","link":"https:\/\/mjfashion.es\/de\/produkt\/loose-fit-blouse-2\/","title":{"rendered":"Locker geschnittene Bluse"},"content":{"rendered":"<p>Farben: Erh\u00e4ltlich in Flieder, Gr\u00fcn und Safran<br \/>\nGr\u00f6\u00dfe: Einheitsgr\u00f6\u00dfe<\/p>\n","protected":false},"excerpt":{"rendered":"<p>Offene Rundhalsbluse mit kurzen \u00c4rmeln aus Kontraststoff. Vorderes plissiertes Detail. Knopf-\u00d6ffnung hinten. Ein sehr frisches und komfortables Modell, ideal f\u00fcr Frauen in den Gr\u00f6\u00dfen M, L und XL<\/p>\n","protected":false},"featured_media":2063,"comment_status":"closed","ping_status":"closed","template":"","meta":[],"_links":{"self":[{"href":"https:\/\/mjfashion.es\/de\/wp-json\/wp\/v2\/product\/2053"}],"collection":[{"href":"https:\/\/mjfashion.es\/de\/wp-json\/wp\/v2\/product"}],"about":[{"href":"https:\/\/mjfashion.es\/de\/wp-json\/wp\/v2\/types\/product"}],"replies":[{"embeddable":true,"href":"https:\/\/mjfashion.es\/de\/wp-json\/wp\/v2\/comments?post=2053"}],"wp:featuredmedia":[{"embeddable":true,"href":"https:\/\/mjfashion.es\/de\/wp-json\/wp\/v2\/media\/2063"}],"wp:attachment":[{"href":"https:\/\/mjfashion.es\/de\/wp-json\/wp\/v2\/media?parent=2053"}],"curies":[{"name":"wp","href":"https:\/\/api.w.org\/{rel}","templated":true}]}}