{"id":2065,"date":"2020-07-04T01:11:06","date_gmt":"2020-07-03T23:11:06","guid":{"rendered":"https:\/\/mjfashion.es\/?post_type=product&#038;p=2065"},"modified":"2020-10-22T11:38:07","modified_gmt":"2020-10-22T09:38:07","slug":"tie-dye-short-dress","status":"publish","type":"product","link":"https:\/\/mjfashion.es\/de\/produkt\/tie-dye-short-dress\/","title":{"rendered":"Tie-Dye Kurzes Kleid"},"content":{"rendered":"<p>Farben: Erh\u00e4ltlich in T\u00fcrkis und Denim Blau<br \/>\nGr\u00f6\u00dfe: Einheitsgr\u00f6\u00dfe<\/p>\n","protected":false},"excerpt":{"rendered":"<p>\u00c4rmelloses kurzes Kleid mit gekr\u00e4uselten Verzierungen im modernen Tye-Die-Effekt-Muster.<\/p>\n","protected":false},"featured_media":2041,"comment_status":"closed","ping_status":"closed","template":"","meta":[],"_links":{"self":[{"href":"https:\/\/mjfashion.es\/de\/wp-json\/wp\/v2\/product\/2065"}],"collection":[{"href":"https:\/\/mjfashion.es\/de\/wp-json\/wp\/v2\/product"}],"about":[{"href":"https:\/\/mjfashion.es\/de\/wp-json\/wp\/v2\/types\/product"}],"replies":[{"embeddable":true,"href":"https:\/\/mjfashion.es\/de\/wp-json\/wp\/v2\/comments?post=2065"}],"wp:featuredmedia":[{"embeddable":true,"href":"https:\/\/mjfashion.es\/de\/wp-json\/wp\/v2\/media\/2041"}],"wp:attachment":[{"href":"https:\/\/mjfashion.es\/de\/wp-json\/wp\/v2\/media?parent=2065"}],"curies":[{"name":"wp","href":"https:\/\/api.w.org\/{rel}","templated":true}]}}