{"id":2069,"date":"2020-07-04T01:33:25","date_gmt":"2020-07-03T23:33:25","guid":{"rendered":"https:\/\/mjfashion.es\/?post_type=product&#038;p=2069"},"modified":"2020-08-12T21:33:37","modified_gmt":"2020-08-12T19:33:37","slug":"pearl-hoops","status":"publish","type":"product","link":"https:\/\/mjfashion.es\/de\/produkt\/pearl-hoops\/","title":{"rendered":"Pearl Hoops"},"content":{"rendered":"<p>Farbe: Golden<br \/>\nGr\u00f6\u00dfe: Erh\u00e4ltlich mit Durchmesser 4 cm und 5 cm<\/p>\n","protected":false},"excerpt":{"rendered":"<p>Perlen-Creolen mit Omega-Verschluss.<\/p>\n","protected":false},"featured_media":2070,"comment_status":"closed","ping_status":"closed","template":"","meta":[],"_links":{"self":[{"href":"https:\/\/mjfashion.es\/de\/wp-json\/wp\/v2\/product\/2069"}],"collection":[{"href":"https:\/\/mjfashion.es\/de\/wp-json\/wp\/v2\/product"}],"about":[{"href":"https:\/\/mjfashion.es\/de\/wp-json\/wp\/v2\/types\/product"}],"replies":[{"embeddable":true,"href":"https:\/\/mjfashion.es\/de\/wp-json\/wp\/v2\/comments?post=2069"}],"wp:featuredmedia":[{"embeddable":true,"href":"https:\/\/mjfashion.es\/de\/wp-json\/wp\/v2\/media\/2070"}],"wp:attachment":[{"href":"https:\/\/mjfashion.es\/de\/wp-json\/wp\/v2\/media?parent=2069"}],"curies":[{"name":"wp","href":"https:\/\/api.w.org\/{rel}","templated":true}]}}