{"id":2080,"date":"2020-07-04T18:03:49","date_gmt":"2020-07-04T16:03:49","guid":{"rendered":"https:\/\/mjfashion.es\/?post_type=product&#038;p=2080"},"modified":"2020-10-22T11:38:07","modified_gmt":"2020-10-22T09:38:07","slug":"poplin-dress-with-asymmetric-ruffles","status":"publish","type":"product","link":"https:\/\/mjfashion.es\/de\/produkt\/poplin-dress-with-asymmetric-ruffles\/","title":{"rendered":"Popeline Kleid mit asymmetrischen R\u00fcschen"},"content":{"rendered":"<p>Farben: Erh\u00e4ltlich in Wei\u00df, Gr\u00fcn und Blau<br \/>\nGr\u00f6\u00dfe: Einheitsgr\u00f6\u00dfe<\/p>\n","protected":false},"excerpt":{"rendered":"<p>\u00c4rmelloses Kurzkleid aus Baumwolle mit rundem Ausschnitt, Knopf\u00f6ffnung hinten und asymmetrischem R\u00fcschensaum.<\/p>\n","protected":false},"featured_media":2085,"comment_status":"closed","ping_status":"closed","template":"","meta":[],"_links":{"self":[{"href":"https:\/\/mjfashion.es\/de\/wp-json\/wp\/v2\/product\/2080"}],"collection":[{"href":"https:\/\/mjfashion.es\/de\/wp-json\/wp\/v2\/product"}],"about":[{"href":"https:\/\/mjfashion.es\/de\/wp-json\/wp\/v2\/types\/product"}],"replies":[{"embeddable":true,"href":"https:\/\/mjfashion.es\/de\/wp-json\/wp\/v2\/comments?post=2080"}],"wp:featuredmedia":[{"embeddable":true,"href":"https:\/\/mjfashion.es\/de\/wp-json\/wp\/v2\/media\/2085"}],"wp:attachment":[{"href":"https:\/\/mjfashion.es\/de\/wp-json\/wp\/v2\/media?parent=2080"}],"curies":[{"name":"wp","href":"https:\/\/api.w.org\/{rel}","templated":true}]}}