{"id":2133,"date":"2020-07-06T00:38:37","date_gmt":"2020-07-05T22:38:37","guid":{"rendered":"https:\/\/mjfashion.es\/?post_type=product&#038;p=2133"},"modified":"2020-07-06T00:38:37","modified_gmt":"2020-07-05T22:38:37","slug":"striped-top-with-shoulder-pads","status":"publish","type":"product","link":"https:\/\/mjfashion.es\/de\/produkt\/striped-top-with-shoulder-pads\/","title":{"rendered":"Gestreiftes Oberteil mit Schulterpolstern"},"content":{"rendered":"<p>Farben: Erh\u00e4ltlich in Blau und T\u00fcrkis<br \/>\nGr\u00f6\u00dfe: Einheitsgr\u00f6\u00dfe<\/p>\n","protected":false},"excerpt":{"rendered":"<p>\u00c4rmelloses Oberteil mit Schulterpolstern und rundem Ausschnitt.<\/p>\n","protected":false},"featured_media":2103,"comment_status":"closed","ping_status":"closed","template":"","meta":[],"_links":{"self":[{"href":"https:\/\/mjfashion.es\/de\/wp-json\/wp\/v2\/product\/2133"}],"collection":[{"href":"https:\/\/mjfashion.es\/de\/wp-json\/wp\/v2\/product"}],"about":[{"href":"https:\/\/mjfashion.es\/de\/wp-json\/wp\/v2\/types\/product"}],"replies":[{"embeddable":true,"href":"https:\/\/mjfashion.es\/de\/wp-json\/wp\/v2\/comments?post=2133"}],"wp:featuredmedia":[{"embeddable":true,"href":"https:\/\/mjfashion.es\/de\/wp-json\/wp\/v2\/media\/2103"}],"wp:attachment":[{"href":"https:\/\/mjfashion.es\/de\/wp-json\/wp\/v2\/media?parent=2133"}],"curies":[{"name":"wp","href":"https:\/\/api.w.org\/{rel}","templated":true}]}}