{"id":2136,"date":"2020-07-06T00:49:22","date_gmt":"2020-07-05T22:49:22","guid":{"rendered":"https:\/\/mjfashion.es\/?post_type=product&#038;p=2136"},"modified":"2020-10-22T11:38:07","modified_gmt":"2020-10-22T09:38:07","slug":"tie-dye-midi-dress","status":"publish","type":"product","link":"https:\/\/mjfashion.es\/de\/produkt\/tie-dye-midi-dress\/","title":{"rendered":"Tie-Dye Midi-Kleid"},"content":{"rendered":"<p>Farben: Erh\u00e4ltlich in Korall, Safran, Biscaya Gr\u00fcn und Blau<br \/>\nGr\u00f6\u00dfe: Einheitsgr\u00f6\u00dfe<\/p>\n","protected":false},"excerpt":{"rendered":"<p>\u00c4rmelloses Viskose-Kleid mit V-Ausschnitt.<\/p>\n","protected":false},"featured_media":2095,"comment_status":"closed","ping_status":"closed","template":"","meta":[],"_links":{"self":[{"href":"https:\/\/mjfashion.es\/de\/wp-json\/wp\/v2\/product\/2136"}],"collection":[{"href":"https:\/\/mjfashion.es\/de\/wp-json\/wp\/v2\/product"}],"about":[{"href":"https:\/\/mjfashion.es\/de\/wp-json\/wp\/v2\/types\/product"}],"replies":[{"embeddable":true,"href":"https:\/\/mjfashion.es\/de\/wp-json\/wp\/v2\/comments?post=2136"}],"wp:featuredmedia":[{"embeddable":true,"href":"https:\/\/mjfashion.es\/de\/wp-json\/wp\/v2\/media\/2095"}],"wp:attachment":[{"href":"https:\/\/mjfashion.es\/de\/wp-json\/wp\/v2\/media?parent=2136"}],"curies":[{"name":"wp","href":"https:\/\/api.w.org\/{rel}","templated":true}]}}