{"id":2174,"date":"2020-07-08T11:59:09","date_gmt":"2020-07-08T09:59:09","guid":{"rendered":"https:\/\/mjfashion.es\/?post_type=product&#038;p=2174"},"modified":"2020-08-15T17:58:05","modified_gmt":"2020-08-15T15:58:05","slug":"tropic-print-top","status":"publish","type":"product","link":"https:\/\/mjfashion.es\/de\/produkt\/tropic-print-top\/","title":{"rendered":"Tropic Print Top"},"content":{"rendered":"<p>Farbe schwarz<br \/>\nGr\u00f6\u00dfe: Einheitsgr\u00f6\u00dfe<\/p>\n","protected":false},"excerpt":{"rendered":"<p>\u00c4rmelloses Baumwolltop mit Schulterpolstern und Knopf\u00f6ffnung. Info: Der Print Jungle in the Night liegt im Trend.<\/p>\n","protected":false},"featured_media":2172,"comment_status":"closed","ping_status":"closed","template":"","meta":[],"_links":{"self":[{"href":"https:\/\/mjfashion.es\/de\/wp-json\/wp\/v2\/product\/2174"}],"collection":[{"href":"https:\/\/mjfashion.es\/de\/wp-json\/wp\/v2\/product"}],"about":[{"href":"https:\/\/mjfashion.es\/de\/wp-json\/wp\/v2\/types\/product"}],"replies":[{"embeddable":true,"href":"https:\/\/mjfashion.es\/de\/wp-json\/wp\/v2\/comments?post=2174"}],"wp:featuredmedia":[{"embeddable":true,"href":"https:\/\/mjfashion.es\/de\/wp-json\/wp\/v2\/media\/2172"}],"wp:attachment":[{"href":"https:\/\/mjfashion.es\/de\/wp-json\/wp\/v2\/media?parent=2174"}],"curies":[{"name":"wp","href":"https:\/\/api.w.org\/{rel}","templated":true}]}}